{"id":4369,"date":"2019-02-12T14:25:04","date_gmt":"2019-02-12T13:25:04","guid":{"rendered":"https:\/\/www.agencija-jajce.ba\/start\/"},"modified":"2019-03-29T12:36:21","modified_gmt":"2019-03-29T11:36:21","slug":"start","status":"publish","type":"page","link":"https:\/\/www.agencija-jajce.ba\/pl\/","title":{"rendered":"Pocetna"},"content":{"rendered":"<p style=\"text-align: center;\"><code id=\"nc-generated-short\" data-shortcode=\"tesing-yea\"><div id=\"nc-post-69ef6ff34461a\" class=\"newscodes columns-4 nc-type-news-grid newscodes-style-classic-blue-raleway\" data-ajax=\"true\">\n\t\t\t\n\t\t\t\n\t\t\t<ul class=\"newscodes-wrap\">\n\t\t\t\t<li class=\"nc-regular first nc-post-odd nc-post-4293 nc-post nc-type-post nc-status-publish nc-format-standard nc-hentry category-polish-pl\">\n\n\t<div class=\"nc-figure-meta-wrap\">\n\n\t\t\t\t\t\t<div class=\"nc-figure-wrapper\">\n\t\t\t\t\t<figure class=\"nc-figure nc-empty-figure nc-image-ratio-4-3 nc-figure-x\">\n\t\t\t\t\t\t<figcaption><\/figcaption>\n\t\t\t\t\t\t<a href=\"https:\/\/www.agencija-jajce.ba\/pl\/przydatne-numery-telefonow\/\"><\/a>\n\t\t\t\t\t<\/figure>\n\t\t\t\t<\/div>\n\t\t\t\n\t\t<div class=\"nc-meta-wrap\">\n\n\t\t\t\n\t\t<\/div>\n\n\t<\/div>\n\n\t<h2>\n\t\t<a href=\"https:\/\/www.agencija-jajce.ba\/pl\/przydatne-numery-telefonow\/\">\n\t\t\tPrzydatne numery telefon\u00f3w\t\t\t\t\t<\/a>\n\t<\/h2>\n\n\t<p class=\"nc-excerpt\">Przydatne numery telefon\u00f3w Numer kierunkowy do BiH 00387 Numer kierunkowy dla Jajce (0) 30 Kod pocztowy 70101 Poczta ul. Hrvoja <a href=\"https:\/\/www.agencija-jajce.ba\/pl\/przydatne-numery-telefonow\/\" class=\"nc-read-more\">+<\/a><\/p>\n<\/li><li class=\"nc-regular nc-post-even nc-post-4294 nc-post nc-type-post nc-status-publish nc-format-standard nc-hentry category-polish-pl\">\n\n\t<div class=\"nc-figure-meta-wrap\">\n\n\t\t\t\t\t\t<div class=\"nc-figure-wrapper\">\n\t\t\t\t\t<figure class=\"nc-figure nc-empty-figure nc-image-ratio-4-3 nc-figure-x\">\n\t\t\t\t\t\t<figcaption><\/figcaption>\n\t\t\t\t\t\t<a href=\"https:\/\/www.agencija-jajce.ba\/pl\/kalendarz-wydarzen\/\"><\/a>\n\t\t\t\t\t<\/figure>\n\t\t\t\t<\/div>\n\t\t\t\n\t\t<div class=\"nc-meta-wrap\">\n\n\t\t\t\n\t\t<\/div>\n\n\t<\/div>\n\n\t<h2>\n\t\t<a href=\"https:\/\/www.agencija-jajce.ba\/pl\/kalendarz-wydarzen\/\">\n\t\t\tKalendarz wydarze\u0144\t\t\t\t\t<\/a>\n\t<\/h2>\n\n\t<p class=\"nc-excerpt\">Kwiecie\u0144 Plivske omahe, festiwal muzyki i poezji Strona Organizacja: JU &#8222;Dom kulture Jajce&#8221; (Dom Kultury), ul. Hrvoja Vuk\u010di\u0107a Hrvatini\u0107a 10, <a href=\"https:\/\/www.agencija-jajce.ba\/pl\/kalendarz-wydarzen\/\" class=\"nc-read-more\">+<\/a><\/p>\n<\/li><li class=\"nc-regular nc-post-odd nc-post-4295 nc-post nc-type-post nc-status-publish nc-format-standard nc-has-post-thumbnail nc-hentry category-polish-pl\">\n\n\t<div class=\"nc-figure-meta-wrap\">\n\n\t\t\t\t\t\t<div class=\"nc-figure-wrapper\">\n\t\t\t\t\t<figure class=\"nc-figure nc-image-ratio-4-3 nc-figure-x\" style=\"background-image:url(https:\/\/www.agencija-jajce.ba\/wp-content\/uploads\/2017\/03\/turist.jpg);\">\n\t\t\t\t\t\t<figcaption><\/figcaption>\n\t\t\t\t\t\t<a href=\"https:\/\/www.agencija-jajce.ba\/pl\/zakwaterowanie\/\"><\/a>\n\t\t\t\t\t<\/figure>\n\t\t\t\t<\/div>\n\t\t\t\n\t\t<div class=\"nc-meta-wrap\">\n\n\t\t\t\n\t\t<\/div>\n\n\t<\/div>\n\n\t<h2>\n\t\t<a href=\"https:\/\/www.agencija-jajce.ba\/pl\/zakwaterowanie\/\">\n\t\t\tZakwaterowanie\t\t\t\t\t<\/a>\n\t<\/h2>\n\n\t<p class=\"nc-excerpt\">Hotel \u201eTurist \u201898\u201c *** ul. Kulina bana 1\u00a0 tel\/fax: (0)30 658 151\u00a0 mail:\u00a0 utd.turist98@tel.net.baTen adres pocztowy jest chroniony przed spamowaniem. <a href=\"https:\/\/www.agencija-jajce.ba\/pl\/zakwaterowanie\/\" class=\"nc-read-more\">+<\/a><\/p>\n<\/li><li class=\"nc-regular last nc-post-even nc-post-4297 nc-post nc-type-post nc-status-publish nc-format-standard nc-has-post-thumbnail nc-hentry category-polish-pl\">\n\n\t<div class=\"nc-figure-meta-wrap\">\n\n\t\t\t\t\t\t<div class=\"nc-figure-wrapper\">\n\t\t\t\t\t<figure class=\"nc-figure nc-image-ratio-4-3 nc-figure-x\" style=\"background-image:url(https:\/\/www.agencija-jajce.ba\/wp-content\/uploads\/2017\/03\/setnica.jpg);\">\n\t\t\t\t\t\t<figcaption><\/figcaption>\n\t\t\t\t\t\t<a href=\"https:\/\/www.agencija-jajce.ba\/pl\/turystyka-speleologiczna\/\"><\/a>\n\t\t\t\t\t<\/figure>\n\t\t\t\t<\/div>\n\t\t\t\n\t\t<div class=\"nc-meta-wrap\">\n\n\t\t\t\n\t\t<\/div>\n\n\t<\/div>\n\n\t<h2>\n\t\t<a href=\"https:\/\/www.agencija-jajce.ba\/pl\/turystyka-speleologiczna\/\">\n\t\t\tTurystyka speleologiczna\t\t\t\t\t<\/a>\n\t<\/h2>\n\n\t<p class=\"nc-excerpt\">Speleologiczne szlaki turystyczne znajduje si\u0119 na g\u00f3rze Dnoluka, 26 km od Jajce. Szlak obejmuje oko\u0142o 6 jaski\u0144, w\u0105wozy, malownicze pastwiska <a href=\"https:\/\/www.agencija-jajce.ba\/pl\/turystyka-speleologiczna\/\" class=\"nc-read-more\">+<\/a><\/p>\n<\/li><li class=\"nc-regular first nc-post-odd nc-post-4299 nc-post nc-type-post nc-status-publish nc-format-standard nc-has-post-thumbnail nc-hentry category-polish-pl\">\n\n\t<div class=\"nc-figure-meta-wrap\">\n\n\t\t\t\t\t\t<div class=\"nc-figure-wrapper\">\n\t\t\t\t\t<figure class=\"nc-figure nc-image-ratio-4-3 nc-figure-x\" style=\"background-image:url(https:\/\/www.agencija-jajce.ba\/wp-content\/uploads\/2017\/03\/skijanje.jpg);\">\n\t\t\t\t\t\t<figcaption><\/figcaption>\n\t\t\t\t\t\t<a href=\"https:\/\/www.agencija-jajce.ba\/pl\/narciarstwo\/\"><\/a>\n\t\t\t\t\t<\/figure>\n\t\t\t\t<\/div>\n\t\t\t\n\t\t<div class=\"nc-meta-wrap\">\n\n\t\t\t\n\t\t<\/div>\n\n\t<\/div>\n\n\t<h2>\n\t\t<a href=\"https:\/\/www.agencija-jajce.ba\/pl\/narciarstwo\/\">\n\t\t\tNarciarstwo\t\t\t\t\t<\/a>\n\t<\/h2>\n\n\t<p class=\"nc-excerpt\">G\u00f3ra Rance \/ Hrance znajduje si\u0119 w odleg\u0142o\u015bci oko\u0142o 20 kilometr\u00f3w od miasta. Znajduj\u0105 si\u0119 tam szlaki do jazdy na <a href=\"https:\/\/www.agencija-jajce.ba\/pl\/narciarstwo\/\" class=\"nc-read-more\">+<\/a><\/p>\n<\/li><li class=\"nc-regular nc-post-even nc-post-4301 nc-post nc-type-post nc-status-publish nc-format-standard nc-has-post-thumbnail nc-hentry category-polish-pl\">\n\n\t<div class=\"nc-figure-meta-wrap\">\n\n\t\t\t\t\t\t<div class=\"nc-figure-wrapper\">\n\t\t\t\t\t<figure class=\"nc-figure nc-image-ratio-4-3 nc-figure-x\" style=\"background-image:url(https:\/\/www.agencija-jajce.ba\/wp-content\/uploads\/2017\/03\/planinarenje.jpg);\">\n\t\t\t\t\t\t<figcaption><\/figcaption>\n\t\t\t\t\t\t<a href=\"https:\/\/www.agencija-jajce.ba\/pl\/piesza-turystyka-i-wspinaczka\/\"><\/a>\n\t\t\t\t\t<\/figure>\n\t\t\t\t<\/div>\n\t\t\t\n\t\t<div class=\"nc-meta-wrap\">\n\n\t\t\t\n\t\t<\/div>\n\n\t<\/div>\n\n\t<h2>\n\t\t<a href=\"https:\/\/www.agencija-jajce.ba\/pl\/piesza-turystyka-i-wspinaczka\/\">\n\t\t\tPiesza turystyka i wspinaczka\t\t\t\t\t<\/a>\n\t<\/h2>\n\n\t<p class=\"nc-excerpt\">Jajce jest otoczone przez \u0142\u0105ki i g\u00f3ry poro\u015bni\u0119te . G\u00f3ry takie jak Hum, Dnoluka g\u00f3ry, Rance, Cusine i inne s\u0105 <a href=\"https:\/\/www.agencija-jajce.ba\/pl\/piesza-turystyka-i-wspinaczka\/\" class=\"nc-read-more\">+<\/a><\/p>\n<\/li><li class=\"nc-regular nc-post-odd nc-post-4303 nc-post nc-type-post nc-status-publish nc-format-standard nc-has-post-thumbnail nc-hentry category-polish-pl\">\n\n\t<div class=\"nc-figure-meta-wrap\">\n\n\t\t\t\t\t\t<div class=\"nc-figure-wrapper\">\n\t\t\t\t\t<figure class=\"nc-figure nc-image-ratio-4-3 nc-figure-x\" style=\"background-image:url(https:\/\/www.agencija-jajce.ba\/wp-content\/uploads\/2017\/03\/rafting.jpg);\">\n\t\t\t\t\t\t<figcaption><\/figcaption>\n\t\t\t\t\t\t<a href=\"https:\/\/www.agencija-jajce.ba\/pl\/rafting-7\/\"><\/a>\n\t\t\t\t\t<\/figure>\n\t\t\t\t<\/div>\n\t\t\t\n\t\t<div class=\"nc-meta-wrap\">\n\n\t\t\t\n\t\t<\/div>\n\n\t<\/div>\n\n\t<h2>\n\t\t<a href=\"https:\/\/www.agencija-jajce.ba\/pl\/rafting-7\/\">\n\t\t\tRafting\t\t\t\t\t<\/a>\n\t<\/h2>\n\n\t<p class=\"nc-excerpt\">Rafting Vrbas ze wzgl\u0119du na swoj\u0105 moc wody stwarza mo\u017cliwo\u015bci dla bardziej powa\u017cnych typ\u00f3w rafting. Od 2007 roku klub sport\u00f3w <a href=\"https:\/\/www.agencija-jajce.ba\/pl\/rafting-7\/\" class=\"nc-read-more\">+<\/a><\/p>\n<\/li><li class=\"nc-regular last nc-post-even nc-post-4305 nc-post nc-type-post nc-status-publish nc-format-standard nc-has-post-thumbnail nc-hentry category-polish-pl\">\n\n\t<div class=\"nc-figure-meta-wrap\">\n\n\t\t\t\t\t\t<div class=\"nc-figure-wrapper\">\n\t\t\t\t\t<figure class=\"nc-figure nc-image-ratio-4-3 nc-figure-x\" style=\"background-image:url(https:\/\/www.agencija-jajce.ba\/wp-content\/uploads\/2017\/03\/ribolov.jpg);\">\n\t\t\t\t\t\t<figcaption><\/figcaption>\n\t\t\t\t\t\t<a href=\"https:\/\/www.agencija-jajce.ba\/pl\/wedkarstwo\/\"><\/a>\n\t\t\t\t\t<\/figure>\n\t\t\t\t<\/div>\n\t\t\t\n\t\t<div class=\"nc-meta-wrap\">\n\n\t\t\t\n\t\t<\/div>\n\n\t<\/div>\n\n\t<h2>\n\t\t<a href=\"https:\/\/www.agencija-jajce.ba\/pl\/wedkarstwo\/\">\n\t\t\tW\u0119dkarstwo\t\t\t\t\t<\/a>\n\t<\/h2>\n\n\t<p class=\"nc-excerpt\">Rzeka Pliva, jezioraPliva i rzeka Vrbas zapewniaj\u0105 idealne warunki do w\u0119dkarstwa sportowego. W tych wodach \u017cyje oko\u0142o 26 gatunk\u00f3w ryb. <a href=\"https:\/\/www.agencija-jajce.ba\/pl\/wedkarstwo\/\" class=\"nc-read-more\">+<\/a><\/p>\n<\/li><li class=\"nc-regular first nc-post-odd nc-post-4307 nc-post nc-type-post nc-status-publish nc-format-standard nc-has-post-thumbnail nc-hentry category-polish-pl\">\n\n\t<div class=\"nc-figure-meta-wrap\">\n\n\t\t\t\t\t\t<div class=\"nc-figure-wrapper\">\n\t\t\t\t\t<figure class=\"nc-figure nc-image-ratio-4-3 nc-figure-y\" style=\"background-image:url(https:\/\/www.agencija-jajce.ba\/wp-content\/uploads\/2017\/03\/planine2.jpg);\">\n\t\t\t\t\t\t<figcaption><\/figcaption>\n\t\t\t\t\t\t<a href=\"https:\/\/www.agencija-jajce.ba\/pl\/gory\/\"><\/a>\n\t\t\t\t\t<\/figure>\n\t\t\t\t<\/div>\n\t\t\t\n\t\t<div class=\"nc-meta-wrap\">\n\n\t\t\t\n\t\t<\/div>\n\n\t<\/div>\n\n\t<h2>\n\t\t<a href=\"https:\/\/www.agencija-jajce.ba\/pl\/gory\/\">\n\t\t\tG\u00f3ry\t\t\t\t\t<\/a>\n\t<\/h2>\n\n\t<p class=\"nc-excerpt\">Jajce jest otoczone przez g\u00f3ry \u015bredniej wysoko\u015bci: Hum, Rance \/ Hran\u010da, g\u00f3ry Dnoluka, Bukovica &#8211; pochodn\u0105 Radalj i Cusine &#8211; <a href=\"https:\/\/www.agencija-jajce.ba\/pl\/gory\/\" class=\"nc-read-more\">+<\/a><\/p>\n<\/li><li class=\"nc-regular nc-post-even nc-post-4309 nc-post nc-type-post nc-status-publish nc-format-standard nc-has-post-thumbnail nc-hentry category-polish-pl\">\n\n\t<div class=\"nc-figure-meta-wrap\">\n\n\t\t\t\t\t\t<div class=\"nc-figure-wrapper\">\n\t\t\t\t\t<figure class=\"nc-figure nc-image-ratio-4-3 nc-figure-x\" style=\"background-image:url(https:\/\/www.agencija-jajce.ba\/wp-content\/uploads\/2017\/03\/jezero2.jpg);\">\n\t\t\t\t\t\t<figcaption><\/figcaption>\n\t\t\t\t\t\t<a href=\"https:\/\/www.agencija-jajce.ba\/pl\/jeziora-pliva\/\"><\/a>\n\t\t\t\t\t<\/figure>\n\t\t\t\t<\/div>\n\t\t\t\n\t\t<div class=\"nc-meta-wrap\">\n\n\t\t\t\n\t\t<\/div>\n\n\t<\/div>\n\n\t<h2>\n\t\t<a href=\"https:\/\/www.agencija-jajce.ba\/pl\/jeziora-pliva\/\">\n\t\t\tJeziora Pliva\t\t\t\t\t<\/a>\n\t<\/h2>\n\n\t<p class=\"nc-excerpt\">W odleg\u0142o\u015bci 5 km od miasta znajduja si\u0119 Wielkie i Ma\u0142e Jezioro Pliva, stworzone przez przekszta\u0142cenie przep\u0142ywu rzeki Pliva, kt\u00f3ra <a href=\"https:\/\/www.agencija-jajce.ba\/pl\/jeziora-pliva\/\" class=\"nc-read-more\">+<\/a><\/p>\n<\/li><li class=\"nc-regular nc-post-odd nc-post-4311 nc-post nc-type-post nc-status-publish nc-format-standard nc-has-post-thumbnail nc-hentry category-polish-pl\">\n\n\t<div class=\"nc-figure-meta-wrap\">\n\n\t\t\t\t\t\t<div class=\"nc-figure-wrapper\">\n\t\t\t\t\t<figure class=\"nc-figure nc-image-ratio-4-3 nc-figure-x\" style=\"background-image:url(https:\/\/www.agencija-jajce.ba\/wp-content\/uploads\/2017\/03\/rijeke.jpg);\">\n\t\t\t\t\t\t<figcaption><\/figcaption>\n\t\t\t\t\t\t<a href=\"https:\/\/www.agencija-jajce.ba\/pl\/rzeki-i-wodospad\/\"><\/a>\n\t\t\t\t\t<\/figure>\n\t\t\t\t<\/div>\n\t\t\t\n\t\t<div class=\"nc-meta-wrap\">\n\n\t\t\t\n\t\t<\/div>\n\n\t<\/div>\n\n\t<h2>\n\t\t<a href=\"https:\/\/www.agencija-jajce.ba\/pl\/rzeki-i-wodospad\/\">\n\t\t\tRzeki i wodospad\t\t\t\t\t<\/a>\n\t<\/h2>\n\n\t<p class=\"nc-excerpt\">Rzeki Dwie malownicze rzeki, Vrbas i Pliva, p\u0142yn\u0105 przez Jajce. Vrbas jest dop\u0142ywem rzeki Sawy w zachodniej cz\u0119\u015bci Bo\u015bni i <a href=\"https:\/\/www.agencija-jajce.ba\/pl\/rzeki-i-wodospad\/\" class=\"nc-read-more\">+<\/a><\/p>\n<\/li><li class=\"nc-regular last nc-post-even nc-post-4313 nc-post nc-type-post nc-status-publish nc-format-standard nc-has-post-thumbnail nc-hentry category-polish-pl\">\n\n\t<div class=\"nc-figure-meta-wrap\">\n\n\t\t\t\t\t\t<div class=\"nc-figure-wrapper\">\n\t\t\t\t\t<figure class=\"nc-figure nc-image-ratio-4-3 nc-figure-x\" style=\"background-image:url(https:\/\/www.agencija-jajce.ba\/wp-content\/uploads\/2017\/03\/galerija.jpg);\">\n\t\t\t\t\t\t<figcaption><\/figcaption>\n\t\t\t\t\t\t<a href=\"https:\/\/www.agencija-jajce.ba\/pl\/galeria-miejska\/\"><\/a>\n\t\t\t\t\t<\/figure>\n\t\t\t\t<\/div>\n\t\t\t\n\t\t<div class=\"nc-meta-wrap\">\n\n\t\t\t\n\t\t<\/div>\n\n\t<\/div>\n\n\t<h2>\n\t\t<a href=\"https:\/\/www.agencija-jajce.ba\/pl\/galeria-miejska\/\">\n\t\t\tGaleria Miejska\t\t\t\t\t<\/a>\n\t<\/h2>\n\n\t<p class=\"nc-excerpt\">W starym domu Kr\u0161lak, w pobli\u017cu mur\u00f3w obronnych, na drodze do twierdzy, po\u0142o\u017cona jest Galeria Miejska. Sta\u0142\u0105 ekspozycj\u0119 stanowi\u0105 obrazy <a href=\"https:\/\/www.agencija-jajce.ba\/pl\/galeria-miejska\/\" class=\"nc-read-more\">+<\/a><\/p>\n<\/li>\n\t\t\t<\/ul>\n\t\t\t\n\t\t\t<nav class=\"newscodes-pagination\">\n\t<span class=\"nc-pagination-pages\">Page 1 out of 2<\/span><ul class='page-numbers'>\n\t<li><span aria-current=\"page\" class=\"page-numbers current\">1<\/span><\/li>\n\t<li><a class=\"page-numbers\" href=\"\/pl\/wp-json\/wp\/v2\/pages\/4369?paged=2\">2<\/a><\/li>\n\t<li><a class=\"next page-numbers\" href=\"\/pl\/wp-json\/wp\/v2\/pages\/4369?paged=2\">&gt;<\/a><\/li>\n<\/ul>\n<\/nav>\n\t\t\t\n\t\t<\/div><\/code><\/p>\n","protected":false},"excerpt":{"rendered":"W starym domu Kr\u0161lak, w pobli\u017cu mur\u00f3w obronnych, na drodze do twierdzy, po\u0142o\u017cona jest Galeria Miejska. Sta\u0142\u0105 ekspozycj\u0119 stanowi\u0105 obrazy malarzy z Jajce jak r\u00f3wnie\u017c innych malarzy, kt\u00f3rzy stworzyli swoje prace podcza pobytu w Jajce w poprzednim okresie. Mo\u017cna zobaczy\u0107 tam r\u00f3wnie\u017c zdj\u0119cia i rze\u017aby artysty Dusko Rakita pochodz\u0105cego z Jajce. Miejska Galeria z powdzeniem organizuj\u0119 tak\u017ce szko\u0142\u0119 rysunku i malarstwa. Informacje kontaktowe: Galeria Miejska ul. D\u017eikovac bb (Kr\u0161lak dom) tel: (0) 30659541 fax: (0) 30659696 mail: samir.hazbic@tel.net.baTen adres pocztowy jest chroniony przed spamowaniem. Aby go zobaczy\u0107, konieczne jest w\u0142\u0105czenie obs\u0142ugi JavaScript.","protected":false},"author":1,"featured_media":0,"parent":0,"menu_order":0,"comment_status":"closed","ping_status":"closed","template":"","meta":{"footnotes":""},"class_list":["post-4369","page","type-page","status-publish","hentry"],"yoast_head":"<!-- This site is optimized with the Yoast SEO Premium plugin v21.2 (Yoast SEO v26.3) - https:\/\/yoast.com\/wordpress\/plugins\/seo\/ -->\n<title>Startseit<\/title>\n<meta name=\"description\" content=\"c\" \/>\n<meta name=\"robots\" content=\"index, follow, max-snippet:-1, max-image-preview:large, max-video-preview:-1\" \/>\n<link rel=\"canonical\" href=\"http:\/\/www.agencija-jajce.ba\/pl\/\" \/>\n<meta property=\"og:locale\" content=\"pl_PL\" \/>\n<meta property=\"og:type\" content=\"article\" \/>\n<meta property=\"og:title\" content=\"Pocetna\" \/>\n<meta property=\"og:description\" content=\"c\" \/>\n<meta property=\"og:url\" content=\"http:\/\/www.agencija-jajce.ba\/pl\/\" \/>\n<meta property=\"og:site_name\" content=\"JU \u201eAgencija za kulturno-povijesnu i prirodnu ba\u0161tinu i razvoj turisti\u010dkih potencijala grada Jajca\u201c\" \/>\n<meta property=\"article:modified_time\" content=\"2019-03-29T11:36:21+00:00\" \/>\n<meta name=\"twitter:card\" content=\"summary_large_image\" \/>\n<script type=\"application\/ld+json\" class=\"yoast-schema-graph\">{\"@context\":\"https:\/\/schema.org\",\"@graph\":[{\"@type\":\"WebPage\",\"@id\":\"http:\/\/www.agencija-jajce.ba\/pl\/\",\"url\":\"http:\/\/www.agencija-jajce.ba\/pl\/\",\"name\":\"Startseit\",\"isPartOf\":{\"@id\":\"http:\/\/www.agencija-jajce.ba\/#website\"},\"datePublished\":\"2019-02-12T13:25:04+00:00\",\"dateModified\":\"2019-03-29T11:36:21+00:00\",\"description\":\"c\",\"breadcrumb\":{\"@id\":\"http:\/\/www.agencija-jajce.ba\/pl\/#breadcrumb\"},\"inLanguage\":\"pl-PL\",\"potentialAction\":[{\"@type\":\"ReadAction\",\"target\":[\"http:\/\/www.agencija-jajce.ba\/pl\/\"]}]},{\"@type\":\"BreadcrumbList\",\"@id\":\"http:\/\/www.agencija-jajce.ba\/pl\/#breadcrumb\",\"itemListElement\":[{\"@type\":\"ListItem\",\"position\":1,\"name\":\"Home\",\"item\":\"http:\/\/www.agencija-jajce.ba\/pl\/\"},{\"@type\":\"ListItem\",\"position\":2,\"name\":\"Pocetna\"}]},{\"@type\":\"WebSite\",\"@id\":\"http:\/\/www.agencija-jajce.ba\/#website\",\"url\":\"http:\/\/www.agencija-jajce.ba\/\",\"name\":\"JU \u201eAgencija za kulturno-povijesnu i prirodnu ba\u0161tinu i razvoj turisti\u010dkih potencijala grada Jajca\u201c\",\"description\":\"\",\"publisher\":{\"@id\":\"http:\/\/www.agencija-jajce.ba\/#organization\"},\"potentialAction\":[{\"@type\":\"SearchAction\",\"target\":{\"@type\":\"EntryPoint\",\"urlTemplate\":\"http:\/\/www.agencija-jajce.ba\/?s={search_term_string}\"},\"query-input\":{\"@type\":\"PropertyValueSpecification\",\"valueRequired\":true,\"valueName\":\"search_term_string\"}}],\"inLanguage\":\"pl-PL\"},{\"@type\":\"Organization\",\"@id\":\"http:\/\/www.agencija-jajce.ba\/#organization\",\"name\":\"JU \u201eAgencija Jajce\u201c\",\"url\":\"http:\/\/www.agencija-jajce.ba\/\",\"logo\":{\"@type\":\"ImageObject\",\"inLanguage\":\"pl-PL\",\"@id\":\"http:\/\/www.agencija-jajce.ba\/#\/schema\/logo\/image\/\",\"url\":\"https:\/\/www.agencija-jajce.ba\/wp-content\/uploads\/2020\/05\/Agencija-logo-color.png\",\"contentUrl\":\"https:\/\/www.agencija-jajce.ba\/wp-content\/uploads\/2020\/05\/Agencija-logo-color.png\",\"width\":1359,\"height\":1464,\"caption\":\"JU \u201eAgencija Jajce\u201c\"},\"image\":{\"@id\":\"http:\/\/www.agencija-jajce.ba\/#\/schema\/logo\/image\/\"}}]}<\/script>\n<!-- \/ Yoast SEO Premium plugin. -->","yoast_head_json":{"title":"Startseit","description":"c","robots":{"index":"index","follow":"follow","max-snippet":"max-snippet:-1","max-image-preview":"max-image-preview:large","max-video-preview":"max-video-preview:-1"},"canonical":"http:\/\/www.agencija-jajce.ba\/pl\/","og_locale":"pl_PL","og_type":"article","og_title":"Pocetna","og_description":"c","og_url":"http:\/\/www.agencija-jajce.ba\/pl\/","og_site_name":"JU \u201eAgencija za kulturno-povijesnu i prirodnu ba\u0161tinu i razvoj turisti\u010dkih potencijala grada Jajca\u201c","article_modified_time":"2019-03-29T11:36:21+00:00","twitter_card":"summary_large_image","schema":{"@context":"https:\/\/schema.org","@graph":[{"@type":"WebPage","@id":"http:\/\/www.agencija-jajce.ba\/pl\/","url":"http:\/\/www.agencija-jajce.ba\/pl\/","name":"Startseit","isPartOf":{"@id":"http:\/\/www.agencija-jajce.ba\/#website"},"datePublished":"2019-02-12T13:25:04+00:00","dateModified":"2019-03-29T11:36:21+00:00","description":"c","breadcrumb":{"@id":"http:\/\/www.agencija-jajce.ba\/pl\/#breadcrumb"},"inLanguage":"pl-PL","potentialAction":[{"@type":"ReadAction","target":["http:\/\/www.agencija-jajce.ba\/pl\/"]}]},{"@type":"BreadcrumbList","@id":"http:\/\/www.agencija-jajce.ba\/pl\/#breadcrumb","itemListElement":[{"@type":"ListItem","position":1,"name":"Home","item":"http:\/\/www.agencija-jajce.ba\/pl\/"},{"@type":"ListItem","position":2,"name":"Pocetna"}]},{"@type":"WebSite","@id":"http:\/\/www.agencija-jajce.ba\/#website","url":"http:\/\/www.agencija-jajce.ba\/","name":"JU \u201eAgencija za kulturno-povijesnu i prirodnu ba\u0161tinu i razvoj turisti\u010dkih potencijala grada Jajca\u201c","description":"","publisher":{"@id":"http:\/\/www.agencija-jajce.ba\/#organization"},"potentialAction":[{"@type":"SearchAction","target":{"@type":"EntryPoint","urlTemplate":"http:\/\/www.agencija-jajce.ba\/?s={search_term_string}"},"query-input":{"@type":"PropertyValueSpecification","valueRequired":true,"valueName":"search_term_string"}}],"inLanguage":"pl-PL"},{"@type":"Organization","@id":"http:\/\/www.agencija-jajce.ba\/#organization","name":"JU \u201eAgencija Jajce\u201c","url":"http:\/\/www.agencija-jajce.ba\/","logo":{"@type":"ImageObject","inLanguage":"pl-PL","@id":"http:\/\/www.agencija-jajce.ba\/#\/schema\/logo\/image\/","url":"https:\/\/www.agencija-jajce.ba\/wp-content\/uploads\/2020\/05\/Agencija-logo-color.png","contentUrl":"https:\/\/www.agencija-jajce.ba\/wp-content\/uploads\/2020\/05\/Agencija-logo-color.png","width":1359,"height":1464,"caption":"JU \u201eAgencija Jajce\u201c"},"image":{"@id":"http:\/\/www.agencija-jajce.ba\/#\/schema\/logo\/image\/"}}]}},"_links":{"self":[{"href":"https:\/\/www.agencija-jajce.ba\/pl\/wp-json\/wp\/v2\/pages\/4369","targetHints":{"allow":["GET"]}}],"collection":[{"href":"https:\/\/www.agencija-jajce.ba\/pl\/wp-json\/wp\/v2\/pages"}],"about":[{"href":"https:\/\/www.agencija-jajce.ba\/pl\/wp-json\/wp\/v2\/types\/page"}],"author":[{"embeddable":true,"href":"https:\/\/www.agencija-jajce.ba\/pl\/wp-json\/wp\/v2\/users\/1"}],"replies":[{"embeddable":true,"href":"https:\/\/www.agencija-jajce.ba\/pl\/wp-json\/wp\/v2\/comments?post=4369"}],"version-history":[{"count":0,"href":"https:\/\/www.agencija-jajce.ba\/pl\/wp-json\/wp\/v2\/pages\/4369\/revisions"}],"wp:attachment":[{"href":"https:\/\/www.agencija-jajce.ba\/pl\/wp-json\/wp\/v2\/media?parent=4369"}],"curies":[{"name":"wp","href":"https:\/\/api.w.org\/{rel}","templated":true}]}}