{"id":4367,"date":"2019-02-12T14:25:04","date_gmt":"2019-02-12T13:25:04","guid":{"rendered":"https:\/\/www.agencija-jajce.ba\/start\/"},"modified":"2019-03-29T12:35:30","modified_gmt":"2019-03-29T11:35:30","slug":"start","status":"publish","type":"page","link":"https:\/\/www.agencija-jajce.ba\/it\/","title":{"rendered":"Pagina Iniziale"},"content":{"rendered":"<p style=\"text-align: center;\"><code id=\"nc-generated-short\" data-shortcode=\"tesing-yea\"><div id=\"nc-post-69faae776e9cf\" class=\"newscodes columns-4 nc-type-news-grid newscodes-style-classic-blue-raleway\" data-ajax=\"true\">\n\t\t\t\n\t\t\t\n\t\t\t<ul class=\"newscodes-wrap\">\n\t\t\t\t<li class=\"nc-regular first nc-post-odd nc-post-4218 nc-post nc-type-post nc-status-publish nc-format-standard nc-hentry category-italian-it\">\n\n\t<div class=\"nc-figure-meta-wrap\">\n\n\t\t\t\t\t\t<div class=\"nc-figure-wrapper\">\n\t\t\t\t\t<figure class=\"nc-figure nc-empty-figure nc-image-ratio-4-3 nc-figure-x\">\n\t\t\t\t\t\t<figcaption><\/figcaption>\n\t\t\t\t\t\t<a href=\"https:\/\/www.agencija-jajce.ba\/it\/numeri-di-telefono-informazioni\/\"><\/a>\n\t\t\t\t\t<\/figure>\n\t\t\t\t<\/div>\n\t\t\t\n\t\t<div class=\"nc-meta-wrap\">\n\n\t\t\t\n\t\t<\/div>\n\n\t<\/div>\n\n\t<h2>\n\t\t<a href=\"https:\/\/www.agencija-jajce.ba\/it\/numeri-di-telefono-informazioni\/\">\n\t\t\tNumeri di telefono Informazioni\t\t\t\t\t<\/a>\n\t<\/h2>\n\n\t<p class=\"nc-excerpt\">I numeri di telefono per le informazioni Prefisso per la Bosnia e Erzegovina 00387Prefisso per Jajce (0)30Numero postale 70101 Ufficio <a href=\"https:\/\/www.agencija-jajce.ba\/it\/numeri-di-telefono-informazioni\/\" class=\"nc-read-more\">+<\/a><\/p>\n<\/li><li class=\"nc-regular nc-post-even nc-post-4219 nc-post nc-type-post nc-status-publish nc-format-standard nc-hentry category-italian-it\">\n\n\t<div class=\"nc-figure-meta-wrap\">\n\n\t\t\t\t\t\t<div class=\"nc-figure-wrapper\">\n\t\t\t\t\t<figure class=\"nc-figure nc-empty-figure nc-image-ratio-4-3 nc-figure-x\">\n\t\t\t\t\t\t<figcaption><\/figcaption>\n\t\t\t\t\t\t<a href=\"https:\/\/www.agencija-jajce.ba\/it\/calendario-degli-eventi\/\"><\/a>\n\t\t\t\t\t<\/figure>\n\t\t\t\t<\/div>\n\t\t\t\n\t\t<div class=\"nc-meta-wrap\">\n\n\t\t\t\n\t\t<\/div>\n\n\t<\/div>\n\n\t<h2>\n\t\t<a href=\"https:\/\/www.agencija-jajce.ba\/it\/calendario-degli-eventi\/\">\n\t\t\tCalendario degli eventi\t\t\t\t\t<\/a>\n\t<\/h2>\n\n\t<p class=\"nc-excerpt\">Aprile Plivske omahe, il festivale della poesia e musica sacraleOrganizzazione: Dom kulture Jajce (Casa di cultura Jajce), via Hrvoja Vuk\u010di\u0107a <a href=\"https:\/\/www.agencija-jajce.ba\/it\/calendario-degli-eventi\/\" class=\"nc-read-more\">+<\/a><\/p>\n<\/li><li class=\"nc-regular nc-post-odd nc-post-4220 nc-post nc-type-post nc-status-publish nc-format-standard nc-has-post-thumbnail nc-hentry category-italian-it\">\n\n\t<div class=\"nc-figure-meta-wrap\">\n\n\t\t\t\t\t\t<div class=\"nc-figure-wrapper\">\n\t\t\t\t\t<figure class=\"nc-figure nc-image-ratio-4-3 nc-figure-x\" style=\"background-image:url(https:\/\/www.agencija-jajce.ba\/wp-content\/uploads\/2017\/03\/turist.jpg);\">\n\t\t\t\t\t\t<figcaption><\/figcaption>\n\t\t\t\t\t\t<a href=\"https:\/\/www.agencija-jajce.ba\/it\/aloggio\/\"><\/a>\n\t\t\t\t\t<\/figure>\n\t\t\t\t<\/div>\n\t\t\t\n\t\t<div class=\"nc-meta-wrap\">\n\n\t\t\t\n\t\t<\/div>\n\n\t<\/div>\n\n\t<h2>\n\t\t<a href=\"https:\/\/www.agencija-jajce.ba\/it\/aloggio\/\">\n\t\t\tAloggio\t\t\t\t\t<\/a>\n\t<\/h2>\n\n\t<p class=\"nc-excerpt\">Hotel \u201eTurist \u201898\u201c *** via Kulina bana 1\u00a0 tel\/fax: (0)30 658 151\u00a0 mail:\u00a0 utd.turist98@tel.net.baQuesto indirizzo email \u00e8 protetto dagli spambots. <a href=\"https:\/\/www.agencija-jajce.ba\/it\/aloggio\/\" class=\"nc-read-more\">+<\/a><\/p>\n<\/li><li class=\"nc-regular last nc-post-even nc-post-4222 nc-post nc-type-post nc-status-publish nc-format-standard nc-has-post-thumbnail nc-hentry category-italian-it\">\n\n\t<div class=\"nc-figure-meta-wrap\">\n\n\t\t\t\t\t\t<div class=\"nc-figure-wrapper\">\n\t\t\t\t\t<figure class=\"nc-figure nc-image-ratio-4-3 nc-figure-x\" style=\"background-image:url(https:\/\/www.agencija-jajce.ba\/wp-content\/uploads\/2017\/03\/setnica.jpg);\">\n\t\t\t\t\t\t<figcaption><\/figcaption>\n\t\t\t\t\t\t<a href=\"https:\/\/www.agencija-jajce.ba\/it\/passeggiata-speleologica\/\"><\/a>\n\t\t\t\t\t<\/figure>\n\t\t\t\t<\/div>\n\t\t\t\n\t\t<div class=\"nc-meta-wrap\">\n\n\t\t\t\n\t\t<\/div>\n\n\t<\/div>\n\n\t<h2>\n\t\t<a href=\"https:\/\/www.agencija-jajce.ba\/it\/passeggiata-speleologica\/\">\n\t\t\tPasseggiata speleologica\t\t\t\t\t<\/a>\n\t<\/h2>\n\n\t<p class=\"nc-excerpt\">La\u00a0 passeggiata speleologica si trova in montagna Dnolu\u010dka planina a distanza di 26 chilometri da Jajce. La passeggiata va attorno <a href=\"https:\/\/www.agencija-jajce.ba\/it\/passeggiata-speleologica\/\" class=\"nc-read-more\">+<\/a><\/p>\n<\/li><li class=\"nc-regular first nc-post-odd nc-post-4224 nc-post nc-type-post nc-status-publish nc-format-standard nc-has-post-thumbnail nc-hentry category-italian-it\">\n\n\t<div class=\"nc-figure-meta-wrap\">\n\n\t\t\t\t\t\t<div class=\"nc-figure-wrapper\">\n\t\t\t\t\t<figure class=\"nc-figure nc-image-ratio-4-3 nc-figure-x\" style=\"background-image:url(https:\/\/www.agencija-jajce.ba\/wp-content\/uploads\/2017\/03\/skijanje.jpg);\">\n\t\t\t\t\t\t<figcaption><\/figcaption>\n\t\t\t\t\t\t<a href=\"https:\/\/www.agencija-jajce.ba\/it\/sci\/\"><\/a>\n\t\t\t\t\t<\/figure>\n\t\t\t\t<\/div>\n\t\t\t\n\t\t<div class=\"nc-meta-wrap\">\n\n\t\t\t\n\t\t<\/div>\n\n\t<\/div>\n\n\t<h2>\n\t\t<a href=\"https:\/\/www.agencija-jajce.ba\/it\/sci\/\">\n\t\t\tSci\t\t\t\t\t<\/a>\n\t<\/h2>\n\n\t<p class=\"nc-excerpt\">In montagna Ran\u010de, a distanza di circa 20 chilometri dalla citta di Jajce \u00a0si trovano le piste per lo sci <a href=\"https:\/\/www.agencija-jajce.ba\/it\/sci\/\" class=\"nc-read-more\">+<\/a><\/p>\n<\/li><li class=\"nc-regular nc-post-even nc-post-4226 nc-post nc-type-post nc-status-publish nc-format-standard nc-has-post-thumbnail nc-hentry category-italian-it\">\n\n\t<div class=\"nc-figure-meta-wrap\">\n\n\t\t\t\t\t\t<div class=\"nc-figure-wrapper\">\n\t\t\t\t\t<figure class=\"nc-figure nc-image-ratio-4-3 nc-figure-x\" style=\"background-image:url(https:\/\/www.agencija-jajce.ba\/wp-content\/uploads\/2017\/03\/planinarenje.jpg);\">\n\t\t\t\t\t\t<figcaption><\/figcaption>\n\t\t\t\t\t\t<a href=\"https:\/\/www.agencija-jajce.ba\/it\/alpinismo\/\"><\/a>\n\t\t\t\t\t<\/figure>\n\t\t\t\t<\/div>\n\t\t\t\n\t\t<div class=\"nc-meta-wrap\">\n\n\t\t\t\n\t\t<\/div>\n\n\t<\/div>\n\n\t<h2>\n\t\t<a href=\"https:\/\/www.agencija-jajce.ba\/it\/alpinismo\/\">\n\t\t\tAlpinismo\t\t\t\t\t<\/a>\n\t<\/h2>\n\n\t<p class=\"nc-excerpt\">Ai dintorni di Jajce si estendono a vicenda i pascoli e le montagne di alberi frondiferi e coniferi. Le montagne <a href=\"https:\/\/www.agencija-jajce.ba\/it\/alpinismo\/\" class=\"nc-read-more\">+<\/a><\/p>\n<\/li><li class=\"nc-regular nc-post-odd nc-post-4228 nc-post nc-type-post nc-status-publish nc-format-standard nc-has-post-thumbnail nc-hentry category-italian-it\">\n\n\t<div class=\"nc-figure-meta-wrap\">\n\n\t\t\t\t\t\t<div class=\"nc-figure-wrapper\">\n\t\t\t\t\t<figure class=\"nc-figure nc-image-ratio-4-3 nc-figure-x\" style=\"background-image:url(https:\/\/www.agencija-jajce.ba\/wp-content\/uploads\/2017\/03\/rafting.jpg);\">\n\t\t\t\t\t\t<figcaption><\/figcaption>\n\t\t\t\t\t\t<a href=\"https:\/\/www.agencija-jajce.ba\/it\/rafting-5\/\"><\/a>\n\t\t\t\t\t<\/figure>\n\t\t\t\t<\/div>\n\t\t\t\n\t\t<div class=\"nc-meta-wrap\">\n\n\t\t\t\n\t\t<\/div>\n\n\t<\/div>\n\n\t<h2>\n\t\t<a href=\"https:\/\/www.agencija-jajce.ba\/it\/rafting-5\/\">\n\t\t\tRafting\t\t\t\t\t<\/a>\n\t<\/h2>\n\n\t<p class=\"nc-excerpt\">Rafting Il fiume Vrbas con la sua acqua potente offre le posibilita per il rango piu difficile di rafting. Dal <a href=\"https:\/\/www.agencija-jajce.ba\/it\/rafting-5\/\" class=\"nc-read-more\">+<\/a><\/p>\n<\/li><li class=\"nc-regular last nc-post-even nc-post-4230 nc-post nc-type-post nc-status-publish nc-format-standard nc-has-post-thumbnail nc-hentry category-italian-it\">\n\n\t<div class=\"nc-figure-meta-wrap\">\n\n\t\t\t\t\t\t<div class=\"nc-figure-wrapper\">\n\t\t\t\t\t<figure class=\"nc-figure nc-image-ratio-4-3 nc-figure-x\" style=\"background-image:url(https:\/\/www.agencija-jajce.ba\/wp-content\/uploads\/2017\/03\/ribolov.jpg);\">\n\t\t\t\t\t\t<figcaption><\/figcaption>\n\t\t\t\t\t\t<a href=\"https:\/\/www.agencija-jajce.ba\/it\/pesca\/\"><\/a>\n\t\t\t\t\t<\/figure>\n\t\t\t\t<\/div>\n\t\t\t\n\t\t<div class=\"nc-meta-wrap\">\n\n\t\t\t\n\t\t<\/div>\n\n\t<\/div>\n\n\t<h2>\n\t\t<a href=\"https:\/\/www.agencija-jajce.ba\/it\/pesca\/\">\n\t\t\tPesca\t\t\t\t\t<\/a>\n\t<\/h2>\n\n\t<p class=\"nc-excerpt\">I fiumi Pliva e Vrbas e i laghi di Pliva hanno le condizioni ideali per la pesca sportiva. In queste <a href=\"https:\/\/www.agencija-jajce.ba\/it\/pesca\/\" class=\"nc-read-more\">+<\/a><\/p>\n<\/li><li class=\"nc-regular first nc-post-odd nc-post-4232 nc-post nc-type-post nc-status-publish nc-format-standard nc-has-post-thumbnail nc-hentry category-italian-it\">\n\n\t<div class=\"nc-figure-meta-wrap\">\n\n\t\t\t\t\t\t<div class=\"nc-figure-wrapper\">\n\t\t\t\t\t<figure class=\"nc-figure nc-image-ratio-4-3 nc-figure-y\" style=\"background-image:url(https:\/\/www.agencija-jajce.ba\/wp-content\/uploads\/2017\/03\/planine2.jpg);\">\n\t\t\t\t\t\t<figcaption><\/figcaption>\n\t\t\t\t\t\t<a href=\"https:\/\/www.agencija-jajce.ba\/it\/montagne\/\"><\/a>\n\t\t\t\t\t<\/figure>\n\t\t\t\t<\/div>\n\t\t\t\n\t\t<div class=\"nc-meta-wrap\">\n\n\t\t\t\n\t\t<\/div>\n\n\t<\/div>\n\n\t<h2>\n\t\t<a href=\"https:\/\/www.agencija-jajce.ba\/it\/montagne\/\">\n\t\t\tMontagne\t\t\t\t\t<\/a>\n\t<\/h2>\n\n\t<p class=\"nc-excerpt\">Jajce e circondato dalle montagne di media altezza: Hum, Ran\u010de, Dnolu\u010dka planina, Bukovica-germoglio di Radalj e \u0106usine-la parte di Gorica. <a href=\"https:\/\/www.agencija-jajce.ba\/it\/montagne\/\" class=\"nc-read-more\">+<\/a><\/p>\n<\/li><li class=\"nc-regular nc-post-even nc-post-4234 nc-post nc-type-post nc-status-publish nc-format-standard nc-has-post-thumbnail nc-hentry category-italian-it\">\n\n\t<div class=\"nc-figure-meta-wrap\">\n\n\t\t\t\t\t\t<div class=\"nc-figure-wrapper\">\n\t\t\t\t\t<figure class=\"nc-figure nc-image-ratio-4-3 nc-figure-x\" style=\"background-image:url(https:\/\/www.agencija-jajce.ba\/wp-content\/uploads\/2017\/03\/jezero2.jpg);\">\n\t\t\t\t\t\t<figcaption><\/figcaption>\n\t\t\t\t\t\t<a href=\"https:\/\/www.agencija-jajce.ba\/it\/pliva-laghi\/\"><\/a>\n\t\t\t\t\t<\/figure>\n\t\t\t\t<\/div>\n\t\t\t\n\t\t<div class=\"nc-meta-wrap\">\n\n\t\t\t\n\t\t<\/div>\n\n\t<\/div>\n\n\t<h2>\n\t\t<a href=\"https:\/\/www.agencija-jajce.ba\/it\/pliva-laghi\/\">\n\t\t\tPliva laghi\t\t\t\t\t<\/a>\n\t<\/h2>\n\n\t<p class=\"nc-excerpt\">Cinque chilometri dalla citta si trovano due laghi, Grande e Piccolo formati come risultato di trasformazione della corrente di fiume <a href=\"https:\/\/www.agencija-jajce.ba\/it\/pliva-laghi\/\" class=\"nc-read-more\">+<\/a><\/p>\n<\/li><li class=\"nc-regular nc-post-odd nc-post-4236 nc-post nc-type-post nc-status-publish nc-format-standard nc-has-post-thumbnail nc-hentry category-italian-it\">\n\n\t<div class=\"nc-figure-meta-wrap\">\n\n\t\t\t\t\t\t<div class=\"nc-figure-wrapper\">\n\t\t\t\t\t<figure class=\"nc-figure nc-image-ratio-4-3 nc-figure-x\" style=\"background-image:url(https:\/\/www.agencija-jajce.ba\/wp-content\/uploads\/2017\/03\/rijeke.jpg);\">\n\t\t\t\t\t\t<figcaption><\/figcaption>\n\t\t\t\t\t\t<a href=\"https:\/\/www.agencija-jajce.ba\/it\/fiumi-cascata\/\"><\/a>\n\t\t\t\t\t<\/figure>\n\t\t\t\t<\/div>\n\t\t\t\n\t\t<div class=\"nc-meta-wrap\">\n\n\t\t\t\n\t\t<\/div>\n\n\t<\/div>\n\n\t<h2>\n\t\t<a href=\"https:\/\/www.agencija-jajce.ba\/it\/fiumi-cascata\/\">\n\t\t\tFiumi &#8211; cascata\t\t\t\t\t<\/a>\n\t<\/h2>\n\n\t<p class=\"nc-excerpt\">Fiumi Attraverso alla citta di Jajce scorrono due fiumi pittoreschi, Vrbas e Pliva. Vrbas e l&#8217;affluente di fiume Sava all&#8217;ovest <a href=\"https:\/\/www.agencija-jajce.ba\/it\/fiumi-cascata\/\" class=\"nc-read-more\">+<\/a><\/p>\n<\/li><li class=\"nc-regular last nc-post-even nc-post-4238 nc-post nc-type-post nc-status-publish nc-format-standard nc-has-post-thumbnail nc-hentry category-italian-it\">\n\n\t<div class=\"nc-figure-meta-wrap\">\n\n\t\t\t\t\t\t<div class=\"nc-figure-wrapper\">\n\t\t\t\t\t<figure class=\"nc-figure nc-image-ratio-4-3 nc-figure-x\" style=\"background-image:url(https:\/\/www.agencija-jajce.ba\/wp-content\/uploads\/2017\/03\/galerija.jpg);\">\n\t\t\t\t\t\t<figcaption><\/figcaption>\n\t\t\t\t\t\t<a href=\"https:\/\/www.agencija-jajce.ba\/it\/galleria-dell-arte\/\"><\/a>\n\t\t\t\t\t<\/figure>\n\t\t\t\t<\/div>\n\t\t\t\n\t\t<div class=\"nc-meta-wrap\">\n\n\t\t\t\n\t\t<\/div>\n\n\t<\/div>\n\n\t<h2>\n\t\t<a href=\"https:\/\/www.agencija-jajce.ba\/it\/galleria-dell-arte\/\">\n\t\t\tGalleria dell&#8217;arte\t\t\t\t\t<\/a>\n\t<\/h2>\n\n\t<p class=\"nc-excerpt\">La galleria dell&#8217;arte e sistemata nella vecchia casa di Kr\u0161lak, appoggiata alle mura, in via verso la Fortezza. Nella galleria <a href=\"https:\/\/www.agencija-jajce.ba\/it\/galleria-dell-arte\/\" class=\"nc-read-more\">+<\/a><\/p>\n<\/li>\n\t\t\t<\/ul>\n\t\t\t\n\t\t\t<nav class=\"newscodes-pagination\">\n\t<span class=\"nc-pagination-pages\">Page 1 out of 2<\/span><ul class='page-numbers'>\n\t<li><span aria-current=\"page\" class=\"page-numbers current\">1<\/span><\/li>\n\t<li><a class=\"page-numbers\" href=\"\/it\/wp-json\/wp\/v2\/pages\/4367?paged=2\">2<\/a><\/li>\n\t<li><a class=\"next page-numbers\" href=\"\/it\/wp-json\/wp\/v2\/pages\/4367?paged=2\">&gt;<\/a><\/li>\n<\/ul>\n<\/nav>\n\t\t\t\n\t\t<\/div><\/code><\/p>\n","protected":false},"excerpt":{"rendered":"La galleria dell'arte e sistemata nella vecchia casa di Kr\u0161lak, appoggiata alle mura, in via verso la Fortezza. Nella galleria dell'arte sono esposte le\u00a0 opere dei pittori di Jajce oppure quelle degli\u00a0 altri pittori nate durante il \u00a0loro soggiorno a Jajce. In galeria dell'arte sono esposte anche le opere di scultore di Jajce, Du\u0161ko Rakita. Le attivita principali di galleria dell'arte sono le organizazioni delle scuole di pittura e delle colonie dell'arte. Informazioni contatto: la Galleria dell'artevia D\u017eikovac bb ( casa di Kr\u0161lak )tel: (0)30 659 541fax: (0)30 659 696mail: samir.hazbic@tel.net.baQuesto indirizzo email \u00e8 protetto dagli spambots. E' necessario abilitare JavaScript per vederlo.","protected":false},"author":1,"featured_media":0,"parent":0,"menu_order":0,"comment_status":"closed","ping_status":"closed","template":"","meta":{"footnotes":""},"class_list":["post-4367","page","type-page","status-publish","hentry"],"yoast_head":"<!-- This site is optimized with the Yoast SEO Premium plugin v21.2 (Yoast SEO v26.3) - https:\/\/yoast.com\/wordpress\/plugins\/seo\/ -->\n<title>Startseit<\/title>\n<meta name=\"description\" content=\"c\" \/>\n<meta name=\"robots\" content=\"index, follow, max-snippet:-1, max-image-preview:large, max-video-preview:-1\" \/>\n<link rel=\"canonical\" href=\"http:\/\/www.agencija-jajce.ba\/it\/\" \/>\n<meta property=\"og:locale\" content=\"it_IT\" \/>\n<meta property=\"og:type\" content=\"article\" \/>\n<meta property=\"og:title\" content=\"Pagina Iniziale\" \/>\n<meta property=\"og:description\" content=\"c\" \/>\n<meta property=\"og:url\" content=\"http:\/\/www.agencija-jajce.ba\/it\/\" \/>\n<meta property=\"og:site_name\" content=\"JU \u201eAgencija za kulturno-povijesnu i prirodnu ba\u0161tinu i razvoj turisti\u010dkih potencijala grada Jajca\u201c\" \/>\n<meta property=\"article:modified_time\" content=\"2019-03-29T11:35:30+00:00\" \/>\n<meta name=\"twitter:card\" content=\"summary_large_image\" \/>\n<script type=\"application\/ld+json\" class=\"yoast-schema-graph\">{\"@context\":\"https:\/\/schema.org\",\"@graph\":[{\"@type\":\"WebPage\",\"@id\":\"http:\/\/www.agencija-jajce.ba\/it\/\",\"url\":\"http:\/\/www.agencija-jajce.ba\/it\/\",\"name\":\"Startseit\",\"isPartOf\":{\"@id\":\"https:\/\/www.agencija-jajce.ba\/#website\"},\"datePublished\":\"2019-02-12T13:25:04+00:00\",\"dateModified\":\"2019-03-29T11:35:30+00:00\",\"description\":\"c\",\"breadcrumb\":{\"@id\":\"http:\/\/www.agencija-jajce.ba\/it\/#breadcrumb\"},\"inLanguage\":\"it-IT\",\"potentialAction\":[{\"@type\":\"ReadAction\",\"target\":[\"http:\/\/www.agencija-jajce.ba\/it\/\"]}]},{\"@type\":\"BreadcrumbList\",\"@id\":\"http:\/\/www.agencija-jajce.ba\/it\/#breadcrumb\",\"itemListElement\":[{\"@type\":\"ListItem\",\"position\":1,\"name\":\"Home\",\"item\":\"http:\/\/www.agencija-jajce.ba\/it\/\"},{\"@type\":\"ListItem\",\"position\":2,\"name\":\"Pagina Iniziale\"}]},{\"@type\":\"WebSite\",\"@id\":\"https:\/\/www.agencija-jajce.ba\/#website\",\"url\":\"https:\/\/www.agencija-jajce.ba\/\",\"name\":\"JU \u201eAgencija za kulturno-povijesnu i prirodnu ba\u0161tinu i razvoj turisti\u010dkih potencijala grada Jajca\u201c\",\"description\":\"\",\"publisher\":{\"@id\":\"https:\/\/www.agencija-jajce.ba\/#organization\"},\"potentialAction\":[{\"@type\":\"SearchAction\",\"target\":{\"@type\":\"EntryPoint\",\"urlTemplate\":\"https:\/\/www.agencija-jajce.ba\/?s={search_term_string}\"},\"query-input\":{\"@type\":\"PropertyValueSpecification\",\"valueRequired\":true,\"valueName\":\"search_term_string\"}}],\"inLanguage\":\"it-IT\"},{\"@type\":\"Organization\",\"@id\":\"https:\/\/www.agencija-jajce.ba\/#organization\",\"name\":\"JU \u201eAgencija Jajce\u201c\",\"url\":\"https:\/\/www.agencija-jajce.ba\/\",\"logo\":{\"@type\":\"ImageObject\",\"inLanguage\":\"it-IT\",\"@id\":\"https:\/\/www.agencija-jajce.ba\/#\/schema\/logo\/image\/\",\"url\":\"https:\/\/www.agencija-jajce.ba\/wp-content\/uploads\/2020\/05\/Agencija-logo-color.png\",\"contentUrl\":\"https:\/\/www.agencija-jajce.ba\/wp-content\/uploads\/2020\/05\/Agencija-logo-color.png\",\"width\":1359,\"height\":1464,\"caption\":\"JU \u201eAgencija Jajce\u201c\"},\"image\":{\"@id\":\"https:\/\/www.agencija-jajce.ba\/#\/schema\/logo\/image\/\"}}]}<\/script>\n<!-- \/ Yoast SEO Premium plugin. -->","yoast_head_json":{"title":"Startseit","description":"c","robots":{"index":"index","follow":"follow","max-snippet":"max-snippet:-1","max-image-preview":"max-image-preview:large","max-video-preview":"max-video-preview:-1"},"canonical":"http:\/\/www.agencija-jajce.ba\/it\/","og_locale":"it_IT","og_type":"article","og_title":"Pagina Iniziale","og_description":"c","og_url":"http:\/\/www.agencija-jajce.ba\/it\/","og_site_name":"JU \u201eAgencija za kulturno-povijesnu i prirodnu ba\u0161tinu i razvoj turisti\u010dkih potencijala grada Jajca\u201c","article_modified_time":"2019-03-29T11:35:30+00:00","twitter_card":"summary_large_image","schema":{"@context":"https:\/\/schema.org","@graph":[{"@type":"WebPage","@id":"http:\/\/www.agencija-jajce.ba\/it\/","url":"http:\/\/www.agencija-jajce.ba\/it\/","name":"Startseit","isPartOf":{"@id":"https:\/\/www.agencija-jajce.ba\/#website"},"datePublished":"2019-02-12T13:25:04+00:00","dateModified":"2019-03-29T11:35:30+00:00","description":"c","breadcrumb":{"@id":"http:\/\/www.agencija-jajce.ba\/it\/#breadcrumb"},"inLanguage":"it-IT","potentialAction":[{"@type":"ReadAction","target":["http:\/\/www.agencija-jajce.ba\/it\/"]}]},{"@type":"BreadcrumbList","@id":"http:\/\/www.agencija-jajce.ba\/it\/#breadcrumb","itemListElement":[{"@type":"ListItem","position":1,"name":"Home","item":"http:\/\/www.agencija-jajce.ba\/it\/"},{"@type":"ListItem","position":2,"name":"Pagina Iniziale"}]},{"@type":"WebSite","@id":"https:\/\/www.agencija-jajce.ba\/#website","url":"https:\/\/www.agencija-jajce.ba\/","name":"JU \u201eAgencija za kulturno-povijesnu i prirodnu ba\u0161tinu i razvoj turisti\u010dkih potencijala grada Jajca\u201c","description":"","publisher":{"@id":"https:\/\/www.agencija-jajce.ba\/#organization"},"potentialAction":[{"@type":"SearchAction","target":{"@type":"EntryPoint","urlTemplate":"https:\/\/www.agencija-jajce.ba\/?s={search_term_string}"},"query-input":{"@type":"PropertyValueSpecification","valueRequired":true,"valueName":"search_term_string"}}],"inLanguage":"it-IT"},{"@type":"Organization","@id":"https:\/\/www.agencija-jajce.ba\/#organization","name":"JU \u201eAgencija Jajce\u201c","url":"https:\/\/www.agencija-jajce.ba\/","logo":{"@type":"ImageObject","inLanguage":"it-IT","@id":"https:\/\/www.agencija-jajce.ba\/#\/schema\/logo\/image\/","url":"https:\/\/www.agencija-jajce.ba\/wp-content\/uploads\/2020\/05\/Agencija-logo-color.png","contentUrl":"https:\/\/www.agencija-jajce.ba\/wp-content\/uploads\/2020\/05\/Agencija-logo-color.png","width":1359,"height":1464,"caption":"JU \u201eAgencija Jajce\u201c"},"image":{"@id":"https:\/\/www.agencija-jajce.ba\/#\/schema\/logo\/image\/"}}]}},"_links":{"self":[{"href":"https:\/\/www.agencija-jajce.ba\/it\/wp-json\/wp\/v2\/pages\/4367","targetHints":{"allow":["GET"]}}],"collection":[{"href":"https:\/\/www.agencija-jajce.ba\/it\/wp-json\/wp\/v2\/pages"}],"about":[{"href":"https:\/\/www.agencija-jajce.ba\/it\/wp-json\/wp\/v2\/types\/page"}],"author":[{"embeddable":true,"href":"https:\/\/www.agencija-jajce.ba\/it\/wp-json\/wp\/v2\/users\/1"}],"replies":[{"embeddable":true,"href":"https:\/\/www.agencija-jajce.ba\/it\/wp-json\/wp\/v2\/comments?post=4367"}],"version-history":[{"count":0,"href":"https:\/\/www.agencija-jajce.ba\/it\/wp-json\/wp\/v2\/pages\/4367\/revisions"}],"wp:attachment":[{"href":"https:\/\/www.agencija-jajce.ba\/it\/wp-json\/wp\/v2\/media?parent=4367"}],"curies":[{"name":"wp","href":"https:\/\/api.w.org\/{rel}","templated":true}]}}