{"id":3949,"date":"2019-02-12T14:25:04","date_gmt":"2019-02-12T13:25:04","guid":{"rendered":"https:\/\/www.agencija-jajce.ba\/start\/"},"modified":"2019-03-29T12:05:38","modified_gmt":"2019-03-29T11:05:38","slug":"start","status":"publish","type":"page","link":"https:\/\/www.agencija-jajce.ba\/de\/","title":{"rendered":"Startseit"},"content":{"rendered":"<p style=\"text-align: center;\"><code id=\"nc-generated-short\" data-shortcode=\"tesing-yea\"><div id=\"nc-post-69fc595b460e4\" class=\"newscodes columns-4 nc-type-news-grid newscodes-style-classic-blue-raleway\" data-ajax=\"true\">\n\t\t\t\n\t\t\t\n\t\t\t<ul class=\"newscodes-wrap\">\n\t\t\t\t<li class=\"nc-regular first nc-post-odd nc-post-3912 nc-post nc-type-post nc-status-publish nc-format-standard nc-has-post-thumbnail nc-hentry category-german-de\">\n\n\t<div class=\"nc-figure-meta-wrap\">\n\n\t\t\t\t\t\t<div class=\"nc-figure-wrapper\">\n\t\t\t\t\t<figure class=\"nc-figure nc-image-ratio-4-3 nc-figure-y\" style=\"background-image:url(https:\/\/www.agencija-jajce.ba\/wp-content\/uploads\/2019\/01\/jc-13.jpg);\">\n\t\t\t\t\t\t<figcaption><\/figcaption>\n\t\t\t\t\t\t<a href=\"https:\/\/www.agencija-jajce.ba\/de\/info-telefonnummern\/\"><\/a>\n\t\t\t\t\t<\/figure>\n\t\t\t\t<\/div>\n\t\t\t\n\t\t<div class=\"nc-meta-wrap\">\n\n\t\t\t\n\t\t<\/div>\n\n\t<\/div>\n\n\t<h2>\n\t\t<a href=\"https:\/\/www.agencija-jajce.ba\/de\/info-telefonnummern\/\">\n\t\t\tInfo &#8211; Telefonnummern\t\t\t\t\t<\/a>\n\t<\/h2>\n\n\t<p class=\"nc-excerpt\">Info telefonnummeren Vorwahl f\u00fcr \u00a0BiH 00387 Vorwahl f\u00fcr Jajce (0)30  <a href=\"https:\/\/www.agencija-jajce.ba\/de\/info-telefonnummern\/\" class=\"nc-read-more-link\">...<\/a><\/p>\n<\/li><li class=\"nc-regular nc-post-even nc-post-3913 nc-post nc-type-post nc-status-publish nc-format-standard nc-has-post-thumbnail nc-hentry category-german-de\">\n\n\t<div class=\"nc-figure-meta-wrap\">\n\n\t\t\t\t\t\t<div class=\"nc-figure-wrapper\">\n\t\t\t\t\t<figure class=\"nc-figure nc-image-ratio-4-3 nc-figure-x\" style=\"background-image:url(https:\/\/www.agencija-jajce.ba\/wp-content\/uploads\/2019\/01\/auto.jpg);\">\n\t\t\t\t\t\t<figcaption><\/figcaption>\n\t\t\t\t\t\t<a href=\"https:\/\/www.agencija-jajce.ba\/de\/veranstaltungskalender\/\"><\/a>\n\t\t\t\t\t<\/figure>\n\t\t\t\t<\/div>\n\t\t\t\n\t\t<div class=\"nc-meta-wrap\">\n\n\t\t\t\n\t\t<\/div>\n\n\t<\/div>\n\n\t<h2>\n\t\t<a href=\"https:\/\/www.agencija-jajce.ba\/de\/veranstaltungskalender\/\">\n\t\t\tVeranstaltungskalender\t\t\t\t\t<\/a>\n\t<\/h2>\n\n\t<p class=\"nc-excerpt\">April Plivske omahe \u2013 Festival der geistlichen Poesie und Musik  <a href=\"https:\/\/www.agencija-jajce.ba\/de\/veranstaltungskalender\/\" class=\"nc-read-more-link\">...<\/a><\/p>\n<\/li><li class=\"nc-regular nc-post-odd nc-post-3914 nc-post nc-type-post nc-status-publish nc-format-standard nc-has-post-thumbnail nc-hentry category-german-de\">\n\n\t<div class=\"nc-figure-meta-wrap\">\n\n\t\t\t\t\t\t<div class=\"nc-figure-wrapper\">\n\t\t\t\t\t<figure class=\"nc-figure nc-image-ratio-4-3 nc-figure-x\" style=\"background-image:url(https:\/\/www.agencija-jajce.ba\/wp-content\/uploads\/2017\/03\/turist.jpg);\">\n\t\t\t\t\t\t<figcaption><\/figcaption>\n\t\t\t\t\t\t<a href=\"https:\/\/www.agencija-jajce.ba\/de\/unterkunfte\/\"><\/a>\n\t\t\t\t\t<\/figure>\n\t\t\t\t<\/div>\n\t\t\t\n\t\t<div class=\"nc-meta-wrap\">\n\n\t\t\t\n\t\t<\/div>\n\n\t<\/div>\n\n\t<h2>\n\t\t<a href=\"https:\/\/www.agencija-jajce.ba\/de\/unterkunfte\/\">\n\t\t\tUnterk\u00fcnfte\t\t\t\t\t<\/a>\n\t<\/h2>\n\n\t<p class=\"nc-excerpt\">Hotel \u201eTurist \u201898\u201c *** ul. Kulina bana 1\u00a0 tel\/fax: (0)30  <a href=\"https:\/\/www.agencija-jajce.ba\/de\/unterkunfte\/\" class=\"nc-read-more-link\">...<\/a><\/p>\n<\/li><li class=\"nc-regular last nc-post-even nc-post-3916 nc-post nc-type-post nc-status-publish nc-format-standard nc-has-post-thumbnail nc-hentry category-german-de\">\n\n\t<div class=\"nc-figure-meta-wrap\">\n\n\t\t\t\t\t\t<div class=\"nc-figure-wrapper\">\n\t\t\t\t\t<figure class=\"nc-figure nc-image-ratio-4-3 nc-figure-x\" style=\"background-image:url(https:\/\/www.agencija-jajce.ba\/wp-content\/uploads\/2017\/03\/setnica.jpg);\">\n\t\t\t\t\t\t<figcaption><\/figcaption>\n\t\t\t\t\t\t<a href=\"https:\/\/www.agencija-jajce.ba\/de\/hohlenwandern-und-spelaologie\/\"><\/a>\n\t\t\t\t\t<\/figure>\n\t\t\t\t<\/div>\n\t\t\t\n\t\t<div class=\"nc-meta-wrap\">\n\n\t\t\t\n\t\t<\/div>\n\n\t<\/div>\n\n\t<h2>\n\t\t<a href=\"https:\/\/www.agencija-jajce.ba\/de\/hohlenwandern-und-spelaologie\/\">\n\t\t\tH\u00f6hlenwandern und Spel\u00e4ologie\t\t\t\t\t<\/a>\n\t<\/h2>\n\n\t<p class=\"nc-excerpt\">Der spel\u00e4ologische Wanderweg befindet sich auf dem Dnoluka Berg, 26  <a href=\"https:\/\/www.agencija-jajce.ba\/de\/hohlenwandern-und-spelaologie\/\" class=\"nc-read-more-link\">...<\/a><\/p>\n<\/li><li class=\"nc-regular first nc-post-odd nc-post-3918 nc-post nc-type-post nc-status-publish nc-format-standard nc-has-post-thumbnail nc-hentry category-german-de\">\n\n\t<div class=\"nc-figure-meta-wrap\">\n\n\t\t\t\t\t\t<div class=\"nc-figure-wrapper\">\n\t\t\t\t\t<figure class=\"nc-figure nc-image-ratio-4-3 nc-figure-x\" style=\"background-image:url(https:\/\/www.agencija-jajce.ba\/wp-content\/uploads\/2017\/03\/skijanje.jpg);\">\n\t\t\t\t\t\t<figcaption><\/figcaption>\n\t\t\t\t\t\t<a href=\"https:\/\/www.agencija-jajce.ba\/de\/skifahren\/\"><\/a>\n\t\t\t\t\t<\/figure>\n\t\t\t\t<\/div>\n\t\t\t\n\t\t<div class=\"nc-meta-wrap\">\n\n\t\t\t\n\t\t<\/div>\n\n\t<\/div>\n\n\t<h2>\n\t\t<a href=\"https:\/\/www.agencija-jajce.ba\/de\/skifahren\/\">\n\t\t\tSkifahren\t\t\t\t\t<\/a>\n\t<\/h2>\n\n\t<p class=\"nc-excerpt\">Auf dem Berg Ran\u010de \/ Hran\u010de der etwa 20 km  <a href=\"https:\/\/www.agencija-jajce.ba\/de\/skifahren\/\" class=\"nc-read-more-link\">...<\/a><\/p>\n<\/li><li class=\"nc-regular nc-post-even nc-post-3920 nc-post nc-type-post nc-status-publish nc-format-standard nc-has-post-thumbnail nc-hentry category-german-de\">\n\n\t<div class=\"nc-figure-meta-wrap\">\n\n\t\t\t\t\t\t<div class=\"nc-figure-wrapper\">\n\t\t\t\t\t<figure class=\"nc-figure nc-image-ratio-4-3 nc-figure-x\" style=\"background-image:url(https:\/\/www.agencija-jajce.ba\/wp-content\/uploads\/2017\/03\/planinarenje.jpg);\">\n\t\t\t\t\t\t<figcaption><\/figcaption>\n\t\t\t\t\t\t<a href=\"https:\/\/www.agencija-jajce.ba\/de\/bergwandern-und-klettern\/\"><\/a>\n\t\t\t\t\t<\/figure>\n\t\t\t\t<\/div>\n\t\t\t\n\t\t<div class=\"nc-meta-wrap\">\n\n\t\t\t\n\t\t<\/div>\n\n\t<\/div>\n\n\t<h2>\n\t\t<a href=\"https:\/\/www.agencija-jajce.ba\/de\/bergwandern-und-klettern\/\">\n\t\t\tBergwandern und Klettern\t\t\t\t\t<\/a>\n\t<\/h2>\n\n\t<p class=\"nc-excerpt\">Mit Laub- und Nadelw\u00e4ldern bedeckt sind die Wiesen und Berge  <a href=\"https:\/\/www.agencija-jajce.ba\/de\/bergwandern-und-klettern\/\" class=\"nc-read-more-link\">...<\/a><\/p>\n<\/li><li class=\"nc-regular nc-post-odd nc-post-3922 nc-post nc-type-post nc-status-publish nc-format-standard nc-has-post-thumbnail nc-hentry category-german-de\">\n\n\t<div class=\"nc-figure-meta-wrap\">\n\n\t\t\t\t\t\t<div class=\"nc-figure-wrapper\">\n\t\t\t\t\t<figure class=\"nc-figure nc-image-ratio-4-3 nc-figure-x\" style=\"background-image:url(https:\/\/www.agencija-jajce.ba\/wp-content\/uploads\/2017\/03\/rafting.jpg);\">\n\t\t\t\t\t\t<figcaption><\/figcaption>\n\t\t\t\t\t\t<a href=\"https:\/\/www.agencija-jajce.ba\/de\/rafting-2\/\"><\/a>\n\t\t\t\t\t<\/figure>\n\t\t\t\t<\/div>\n\t\t\t\n\t\t<div class=\"nc-meta-wrap\">\n\n\t\t\t\n\t\t<\/div>\n\n\t<\/div>\n\n\t<h2>\n\t\t<a href=\"https:\/\/www.agencija-jajce.ba\/de\/rafting-2\/\">\n\t\t\tRafting\t\t\t\t\t<\/a>\n\t<\/h2>\n\n\t<p class=\"nc-excerpt\">Rafting Wegen seiner Wasserkraft bietet der Fluss Vrbas viele M\u00f6glichkeiten  <a href=\"https:\/\/www.agencija-jajce.ba\/de\/rafting-2\/\" class=\"nc-read-more-link\">...<\/a><\/p>\n<\/li><li class=\"nc-regular last nc-post-even nc-post-3924 nc-post nc-type-post nc-status-publish nc-format-standard nc-has-post-thumbnail nc-hentry category-german-de\">\n\n\t<div class=\"nc-figure-meta-wrap\">\n\n\t\t\t\t\t\t<div class=\"nc-figure-wrapper\">\n\t\t\t\t\t<figure class=\"nc-figure nc-image-ratio-4-3 nc-figure-x\" style=\"background-image:url(https:\/\/www.agencija-jajce.ba\/wp-content\/uploads\/2017\/03\/ribolov.jpg);\">\n\t\t\t\t\t\t<figcaption><\/figcaption>\n\t\t\t\t\t\t<a href=\"https:\/\/www.agencija-jajce.ba\/de\/fischen\/\"><\/a>\n\t\t\t\t\t<\/figure>\n\t\t\t\t<\/div>\n\t\t\t\n\t\t<div class=\"nc-meta-wrap\">\n\n\t\t\t\n\t\t<\/div>\n\n\t<\/div>\n\n\t<h2>\n\t\t<a href=\"https:\/\/www.agencija-jajce.ba\/de\/fischen\/\">\n\t\t\tFischen\t\t\t\t\t<\/a>\n\t<\/h2>\n\n\t<p class=\"nc-excerpt\">Der Fluss Pliva, die Pliva Seen und der Fluss Vrbas  <a href=\"https:\/\/www.agencija-jajce.ba\/de\/fischen\/\" class=\"nc-read-more-link\">...<\/a><\/p>\n<\/li><li class=\"nc-regular first nc-post-odd nc-post-3926 nc-post nc-type-post nc-status-publish nc-format-standard nc-has-post-thumbnail nc-hentry category-german-de\">\n\n\t<div class=\"nc-figure-meta-wrap\">\n\n\t\t\t\t\t\t<div class=\"nc-figure-wrapper\">\n\t\t\t\t\t<figure class=\"nc-figure nc-image-ratio-4-3 nc-figure-y\" style=\"background-image:url(https:\/\/www.agencija-jajce.ba\/wp-content\/uploads\/2017\/03\/planine2.jpg);\">\n\t\t\t\t\t\t<figcaption><\/figcaption>\n\t\t\t\t\t\t<a href=\"https:\/\/www.agencija-jajce.ba\/de\/berge\/\"><\/a>\n\t\t\t\t\t<\/figure>\n\t\t\t\t<\/div>\n\t\t\t\n\t\t<div class=\"nc-meta-wrap\">\n\n\t\t\t\n\t\t<\/div>\n\n\t<\/div>\n\n\t<h2>\n\t\t<a href=\"https:\/\/www.agencija-jajce.ba\/de\/berge\/\">\n\t\t\tBerge\t\t\t\t\t<\/a>\n\t<\/h2>\n\n\t<p class=\"nc-excerpt\">Jajce ist von mittelhohen Bergen umgeben: Hum, Hran\u010de\/ Ran\u010de, Dnoluka  <a href=\"https:\/\/www.agencija-jajce.ba\/de\/berge\/\" class=\"nc-read-more-link\">...<\/a><\/p>\n<\/li><li class=\"nc-regular nc-post-even nc-post-3928 nc-post nc-type-post nc-status-publish nc-format-standard nc-has-post-thumbnail nc-hentry category-german-de\">\n\n\t<div class=\"nc-figure-meta-wrap\">\n\n\t\t\t\t\t\t<div class=\"nc-figure-wrapper\">\n\t\t\t\t\t<figure class=\"nc-figure nc-image-ratio-4-3 nc-figure-x\" style=\"background-image:url(https:\/\/www.agencija-jajce.ba\/wp-content\/uploads\/2017\/03\/jezero2.jpg);\">\n\t\t\t\t\t\t<figcaption><\/figcaption>\n\t\t\t\t\t\t<a href=\"https:\/\/www.agencija-jajce.ba\/de\/die-pliva-seen\/\"><\/a>\n\t\t\t\t\t<\/figure>\n\t\t\t\t<\/div>\n\t\t\t\n\t\t<div class=\"nc-meta-wrap\">\n\n\t\t\t\n\t\t<\/div>\n\n\t<\/div>\n\n\t<h2>\n\t\t<a href=\"https:\/\/www.agencija-jajce.ba\/de\/die-pliva-seen\/\">\n\t\t\tDie Pliva Seen\t\t\t\t\t<\/a>\n\t<\/h2>\n\n\t<p class=\"nc-excerpt\">Der Gro\u00dfe und der Kleine Pliva See sind 5 Kilometer  <a href=\"https:\/\/www.agencija-jajce.ba\/de\/die-pliva-seen\/\" class=\"nc-read-more-link\">...<\/a><\/p>\n<\/li><li class=\"nc-regular nc-post-odd nc-post-3930 nc-post nc-type-post nc-status-publish nc-format-standard nc-has-post-thumbnail nc-hentry category-german-de\">\n\n\t<div class=\"nc-figure-meta-wrap\">\n\n\t\t\t\t\t\t<div class=\"nc-figure-wrapper\">\n\t\t\t\t\t<figure class=\"nc-figure nc-image-ratio-4-3 nc-figure-x\" style=\"background-image:url(https:\/\/www.agencija-jajce.ba\/wp-content\/uploads\/2017\/03\/rijeke.jpg);\">\n\t\t\t\t\t\t<figcaption><\/figcaption>\n\t\t\t\t\t\t<a href=\"https:\/\/www.agencija-jajce.ba\/de\/die-flusse-und-der-wasserfall\/\"><\/a>\n\t\t\t\t\t<\/figure>\n\t\t\t\t<\/div>\n\t\t\t\n\t\t<div class=\"nc-meta-wrap\">\n\n\t\t\t\n\t\t<\/div>\n\n\t<\/div>\n\n\t<h2>\n\t\t<a href=\"https:\/\/www.agencija-jajce.ba\/de\/die-flusse-und-der-wasserfall\/\">\n\t\t\tDie Fl\u00fcsse und der Wasserfall\t\t\t\t\t<\/a>\n\t<\/h2>\n\n\t<p class=\"nc-excerpt\">Die Flusse Durch Jajce flie\u00dfen zwei lebendige Fl\u00fcsse, der Vrbas  <a href=\"https:\/\/www.agencija-jajce.ba\/de\/die-flusse-und-der-wasserfall\/\" class=\"nc-read-more-link\">...<\/a><\/p>\n<\/li><li class=\"nc-regular last nc-post-even nc-post-3932 nc-post nc-type-post nc-status-publish nc-format-standard nc-has-post-thumbnail nc-hentry category-german-de\">\n\n\t<div class=\"nc-figure-meta-wrap\">\n\n\t\t\t\t\t\t<div class=\"nc-figure-wrapper\">\n\t\t\t\t\t<figure class=\"nc-figure nc-image-ratio-4-3 nc-figure-x\" style=\"background-image:url(https:\/\/www.agencija-jajce.ba\/wp-content\/uploads\/2017\/03\/galerija.jpg);\">\n\t\t\t\t\t\t<figcaption><\/figcaption>\n\t\t\t\t\t\t<a href=\"https:\/\/www.agencija-jajce.ba\/de\/gemeindegalerie\/\"><\/a>\n\t\t\t\t\t<\/figure>\n\t\t\t\t<\/div>\n\t\t\t\n\t\t<div class=\"nc-meta-wrap\">\n\n\t\t\t\n\t\t<\/div>\n\n\t<\/div>\n\n\t<h2>\n\t\t<a href=\"https:\/\/www.agencija-jajce.ba\/de\/gemeindegalerie\/\">\n\t\t\tGemeindegalerie\t\t\t\t\t<\/a>\n\t<\/h2>\n\n\t<p class=\"nc-excerpt\">Im alten Kr\u0161lak Haus, das sich an die Stadtmauern st\u00fctzt,  <a href=\"https:\/\/www.agencija-jajce.ba\/de\/gemeindegalerie\/\" class=\"nc-read-more-link\">...<\/a><\/p>\n<\/li>\n\t\t\t<\/ul>\n\t\t\t\n\t\t\t<nav class=\"newscodes-pagination\">\n\t<span class=\"nc-pagination-pages\">Page 1 out of 2<\/span><ul class='page-numbers'>\n\t<li><span aria-current=\"page\" class=\"page-numbers current\">1<\/span><\/li>\n\t<li><a class=\"page-numbers\" href=\"\/de\/wp-json\/wp\/v2\/pages\/3949?paged=2\">2<\/a><\/li>\n\t<li><a class=\"next page-numbers\" href=\"\/de\/wp-json\/wp\/v2\/pages\/3949?paged=2\">&gt;<\/a><\/li>\n<\/ul>\n<\/nav>\n\t\t\t\n\t\t<\/div><\/code><\/p>\n","protected":false},"excerpt":{"rendered":"Im alten Kr\u0161lak Haus, das sich an die Stadtmauern st\u00fctzt, auf dem Weg zur Festung befindet sich die Gemeindegalerie. Die Dauerausstellung der Galerie sind Bilder von K\u00fcnstlern aus Jajce und K\u00fcnstlern dessen Werke w\u00e4hrend ihres Aufenthalts in Jajce entstanden sind. Au\u00dfer alten Bildern z\u00e4hlen die \u00a0Skulpturen vom Bildhauer Du\u0161ko Rakita aus Jajce zum Teil der Dauerausstellung. Als Teil ihrer\u00a0 Aktivit\u00e4ten organisiert die Gemeindegalerie Mal- und Zeichenkurse sowie Malerkolonien. Kontakt Informationen: Gradska galerija Str. D\u017eikovac bb (Kr\u0161lakova ku\u0107a) \u00a0 Tel.: (0) 30 659 541 Fax: (0) 30 659 696 E- Mail: samir.hazbic@tel.net.baDiese E-Mail-Adresse ist vor Spambots gesch\u00fctzt! Zur Anzeige muss JavaScript eingeschaltet sein!","protected":false},"author":1,"featured_media":0,"parent":0,"menu_order":0,"comment_status":"closed","ping_status":"closed","template":"","meta":{"footnotes":""},"class_list":["post-3949","page","type-page","status-publish","hentry"],"yoast_head":"<!-- This site is optimized with the Yoast SEO Premium plugin v21.2 (Yoast SEO v26.3) - https:\/\/yoast.com\/wordpress\/plugins\/seo\/ -->\n<title>Startseit<\/title>\n<meta name=\"description\" content=\"c\" \/>\n<meta name=\"robots\" content=\"index, follow, max-snippet:-1, max-image-preview:large, max-video-preview:-1\" \/>\n<link rel=\"canonical\" href=\"https:\/\/www.agencija-jajce.ba\/de\/\" \/>\n<meta property=\"og:locale\" content=\"de_DE\" \/>\n<meta property=\"og:type\" content=\"article\" \/>\n<meta property=\"og:title\" content=\"Startseit\" \/>\n<meta property=\"og:description\" content=\"c\" \/>\n<meta property=\"og:url\" content=\"https:\/\/www.agencija-jajce.ba\/de\/\" \/>\n<meta property=\"og:site_name\" content=\"JU \u201eAgencija za kulturno-povijesnu i prirodnu ba\u0161tinu i razvoj turisti\u010dkih potencijala grada Jajca\u201c\" \/>\n<meta property=\"article:modified_time\" content=\"2019-03-29T11:05:38+00:00\" \/>\n<meta name=\"twitter:card\" content=\"summary_large_image\" \/>\n<script type=\"application\/ld+json\" class=\"yoast-schema-graph\">{\"@context\":\"https:\/\/schema.org\",\"@graph\":[{\"@type\":\"WebPage\",\"@id\":\"https:\/\/www.agencija-jajce.ba\/de\/\",\"url\":\"https:\/\/www.agencija-jajce.ba\/de\/\",\"name\":\"Startseit\",\"isPartOf\":{\"@id\":\"http:\/\/www.agencija-jajce.ba\/#website\"},\"datePublished\":\"2019-02-12T13:25:04+00:00\",\"dateModified\":\"2019-03-29T11:05:38+00:00\",\"description\":\"c\",\"breadcrumb\":{\"@id\":\"https:\/\/www.agencija-jajce.ba\/de\/#breadcrumb\"},\"inLanguage\":\"de\",\"potentialAction\":[{\"@type\":\"ReadAction\",\"target\":[\"https:\/\/www.agencija-jajce.ba\/de\/\"]}]},{\"@type\":\"BreadcrumbList\",\"@id\":\"https:\/\/www.agencija-jajce.ba\/de\/#breadcrumb\",\"itemListElement\":[{\"@type\":\"ListItem\",\"position\":1,\"name\":\"Home\",\"item\":\"https:\/\/www.agencija-jajce.ba\/de\/\"},{\"@type\":\"ListItem\",\"position\":2,\"name\":\"Startseit\"}]},{\"@type\":\"WebSite\",\"@id\":\"http:\/\/www.agencija-jajce.ba\/#website\",\"url\":\"http:\/\/www.agencija-jajce.ba\/\",\"name\":\"JU \u201eAgencija za kulturno-povijesnu i prirodnu ba\u0161tinu i razvoj turisti\u010dkih potencijala grada Jajca\u201c\",\"description\":\"\",\"publisher\":{\"@id\":\"http:\/\/www.agencija-jajce.ba\/#organization\"},\"potentialAction\":[{\"@type\":\"SearchAction\",\"target\":{\"@type\":\"EntryPoint\",\"urlTemplate\":\"http:\/\/www.agencija-jajce.ba\/?s={search_term_string}\"},\"query-input\":{\"@type\":\"PropertyValueSpecification\",\"valueRequired\":true,\"valueName\":\"search_term_string\"}}],\"inLanguage\":\"de\"},{\"@type\":\"Organization\",\"@id\":\"http:\/\/www.agencija-jajce.ba\/#organization\",\"name\":\"JU \u201eAgencija Jajce\u201c\",\"url\":\"http:\/\/www.agencija-jajce.ba\/\",\"logo\":{\"@type\":\"ImageObject\",\"inLanguage\":\"de\",\"@id\":\"http:\/\/www.agencija-jajce.ba\/#\/schema\/logo\/image\/\",\"url\":\"https:\/\/www.agencija-jajce.ba\/wp-content\/uploads\/2020\/05\/Agencija-logo-color.png\",\"contentUrl\":\"https:\/\/www.agencija-jajce.ba\/wp-content\/uploads\/2020\/05\/Agencija-logo-color.png\",\"width\":1359,\"height\":1464,\"caption\":\"JU \u201eAgencija Jajce\u201c\"},\"image\":{\"@id\":\"http:\/\/www.agencija-jajce.ba\/#\/schema\/logo\/image\/\"}}]}<\/script>\n<!-- \/ Yoast SEO Premium plugin. -->","yoast_head_json":{"title":"Startseit","description":"c","robots":{"index":"index","follow":"follow","max-snippet":"max-snippet:-1","max-image-preview":"max-image-preview:large","max-video-preview":"max-video-preview:-1"},"canonical":"https:\/\/www.agencija-jajce.ba\/de\/","og_locale":"de_DE","og_type":"article","og_title":"Startseit","og_description":"c","og_url":"https:\/\/www.agencija-jajce.ba\/de\/","og_site_name":"JU \u201eAgencija za kulturno-povijesnu i prirodnu ba\u0161tinu i razvoj turisti\u010dkih potencijala grada Jajca\u201c","article_modified_time":"2019-03-29T11:05:38+00:00","twitter_card":"summary_large_image","schema":{"@context":"https:\/\/schema.org","@graph":[{"@type":"WebPage","@id":"https:\/\/www.agencija-jajce.ba\/de\/","url":"https:\/\/www.agencija-jajce.ba\/de\/","name":"Startseit","isPartOf":{"@id":"http:\/\/www.agencija-jajce.ba\/#website"},"datePublished":"2019-02-12T13:25:04+00:00","dateModified":"2019-03-29T11:05:38+00:00","description":"c","breadcrumb":{"@id":"https:\/\/www.agencija-jajce.ba\/de\/#breadcrumb"},"inLanguage":"de","potentialAction":[{"@type":"ReadAction","target":["https:\/\/www.agencija-jajce.ba\/de\/"]}]},{"@type":"BreadcrumbList","@id":"https:\/\/www.agencija-jajce.ba\/de\/#breadcrumb","itemListElement":[{"@type":"ListItem","position":1,"name":"Home","item":"https:\/\/www.agencija-jajce.ba\/de\/"},{"@type":"ListItem","position":2,"name":"Startseit"}]},{"@type":"WebSite","@id":"http:\/\/www.agencija-jajce.ba\/#website","url":"http:\/\/www.agencija-jajce.ba\/","name":"JU \u201eAgencija za kulturno-povijesnu i prirodnu ba\u0161tinu i razvoj turisti\u010dkih potencijala grada Jajca\u201c","description":"","publisher":{"@id":"http:\/\/www.agencija-jajce.ba\/#organization"},"potentialAction":[{"@type":"SearchAction","target":{"@type":"EntryPoint","urlTemplate":"http:\/\/www.agencija-jajce.ba\/?s={search_term_string}"},"query-input":{"@type":"PropertyValueSpecification","valueRequired":true,"valueName":"search_term_string"}}],"inLanguage":"de"},{"@type":"Organization","@id":"http:\/\/www.agencija-jajce.ba\/#organization","name":"JU \u201eAgencija Jajce\u201c","url":"http:\/\/www.agencija-jajce.ba\/","logo":{"@type":"ImageObject","inLanguage":"de","@id":"http:\/\/www.agencija-jajce.ba\/#\/schema\/logo\/image\/","url":"https:\/\/www.agencija-jajce.ba\/wp-content\/uploads\/2020\/05\/Agencija-logo-color.png","contentUrl":"https:\/\/www.agencija-jajce.ba\/wp-content\/uploads\/2020\/05\/Agencija-logo-color.png","width":1359,"height":1464,"caption":"JU \u201eAgencija Jajce\u201c"},"image":{"@id":"http:\/\/www.agencija-jajce.ba\/#\/schema\/logo\/image\/"}}]}},"_links":{"self":[{"href":"https:\/\/www.agencija-jajce.ba\/de\/wp-json\/wp\/v2\/pages\/3949","targetHints":{"allow":["GET"]}}],"collection":[{"href":"https:\/\/www.agencija-jajce.ba\/de\/wp-json\/wp\/v2\/pages"}],"about":[{"href":"https:\/\/www.agencija-jajce.ba\/de\/wp-json\/wp\/v2\/types\/page"}],"author":[{"embeddable":true,"href":"https:\/\/www.agencija-jajce.ba\/de\/wp-json\/wp\/v2\/users\/1"}],"replies":[{"embeddable":true,"href":"https:\/\/www.agencija-jajce.ba\/de\/wp-json\/wp\/v2\/comments?post=3949"}],"version-history":[{"count":0,"href":"https:\/\/www.agencija-jajce.ba\/de\/wp-json\/wp\/v2\/pages\/3949\/revisions"}],"wp:attachment":[{"href":"https:\/\/www.agencija-jajce.ba\/de\/wp-json\/wp\/v2\/media?parent=3949"}],"curies":[{"name":"wp","href":"https:\/\/api.w.org\/{rel}","templated":true}]}}