{"id":4371,"date":"2019-02-12T14:25:04","date_gmt":"2019-02-12T13:25:04","guid":{"rendered":"https:\/\/www.agencija-jajce.ba\/start\/"},"modified":"2019-03-29T12:37:30","modified_gmt":"2019-03-29T11:37:30","slug":"start","status":"publish","type":"page","link":"http:\/\/www.agencija-jajce.ba\/tr\/","title":{"rendered":"Ba\u015flang\u0131\u00e7 \u200b\u200bsayfas\u0131"},"content":{"rendered":"<p style=\"text-align: center;\"><code id=\"nc-generated-short\" data-shortcode=\"tesing-yea\"><div id=\"nc-post-69e096ee90872\" class=\"newscodes columns-4 nc-type-news-grid newscodes-style-classic-blue-raleway\" data-ajax=\"true\">\n\t\t\t\n\t\t\t\n\t\t\t<ul class=\"newscodes-wrap\">\n\t\t\t\t<li class=\"nc-regular first nc-post-odd nc-post-4330 nc-post nc-type-post nc-status-publish nc-format-standard nc-hentry category-turkish-tr\">\n\n\t<div class=\"nc-figure-meta-wrap\">\n\n\t\t\t\t\t\t<div class=\"nc-figure-wrapper\">\n\t\t\t\t\t<figure class=\"nc-figure nc-empty-figure nc-image-ratio-4-3 nc-figure-x\">\n\t\t\t\t\t\t<figcaption><\/figcaption>\n\t\t\t\t\t\t<a href=\"http:\/\/www.agencija-jajce.ba\/tr\/gerekli-telefon-numaralari\/\"><\/a>\n\t\t\t\t\t<\/figure>\n\t\t\t\t<\/div>\n\t\t\t\n\t\t<div class=\"nc-meta-wrap\">\n\n\t\t\t\n\t\t<\/div>\n\n\t<\/div>\n\n\t<h2>\n\t\t<a href=\"http:\/\/www.agencija-jajce.ba\/tr\/gerekli-telefon-numaralari\/\">\n\t\t\tGerekli telefon numaralari\t\t\t\t\t<\/a>\n\t<\/h2>\n\n\t<p class=\"nc-excerpt\">\u00a0 Bilgi numaralar\u0131: BOSNA-HERSEK \u00fclke kodu :00387 JAJCE alan kodu : (0) 30 Posta Kodu : 70101 Posta ADRES: Hrvoja <a href=\"http:\/\/www.agencija-jajce.ba\/tr\/gerekli-telefon-numaralari\/\" class=\"nc-read-more\">+<\/a><\/p>\n<\/li><li class=\"nc-regular nc-post-even nc-post-4331 nc-post nc-type-post nc-status-publish nc-format-standard nc-hentry category-turkish-tr\">\n\n\t<div class=\"nc-figure-meta-wrap\">\n\n\t\t\t\t\t\t<div class=\"nc-figure-wrapper\">\n\t\t\t\t\t<figure class=\"nc-figure nc-empty-figure nc-image-ratio-4-3 nc-figure-x\">\n\t\t\t\t\t\t<figcaption><\/figcaption>\n\t\t\t\t\t\t<a href=\"http:\/\/www.agencija-jajce.ba\/tr\/etkinikler-takvimi\/\"><\/a>\n\t\t\t\t\t<\/figure>\n\t\t\t\t<\/div>\n\t\t\t\n\t\t<div class=\"nc-meta-wrap\">\n\n\t\t\t\n\t\t<\/div>\n\n\t<\/div>\n\n\t<h2>\n\t\t<a href=\"http:\/\/www.agencija-jajce.ba\/tr\/etkinikler-takvimi\/\">\n\t\t\tEtkinikler takvimi\t\t\t\t\t<\/a>\n\t<\/h2>\n\n\t<p class=\"nc-excerpt\">Nisan Plivske omahe, Ruhsal \u015eiir ve M\u00fczik Festivali A\u00e7\u0131l\u0131\u015f Partisi: JU \u201eDom kulture Jajce\u201c (House of Culture), \u00a0 ul. Hrvoja <a href=\"http:\/\/www.agencija-jajce.ba\/tr\/etkinikler-takvimi\/\" class=\"nc-read-more\">+<\/a><\/p>\n<\/li><li class=\"nc-regular nc-post-odd nc-post-4332 nc-post nc-type-post nc-status-publish nc-format-standard nc-has-post-thumbnail nc-hentry category-turkish-tr\">\n\n\t<div class=\"nc-figure-meta-wrap\">\n\n\t\t\t\t\t\t<div class=\"nc-figure-wrapper\">\n\t\t\t\t\t<figure class=\"nc-figure nc-image-ratio-4-3 nc-figure-x\" style=\"background-image:url(http:\/\/www.agencija-jajce.ba\/wp-content\/uploads\/2017\/03\/turist.jpg);\">\n\t\t\t\t\t\t<figcaption><\/figcaption>\n\t\t\t\t\t\t<a href=\"http:\/\/www.agencija-jajce.ba\/tr\/konaklama\/\"><\/a>\n\t\t\t\t\t<\/figure>\n\t\t\t\t<\/div>\n\t\t\t\n\t\t<div class=\"nc-meta-wrap\">\n\n\t\t\t\n\t\t<\/div>\n\n\t<\/div>\n\n\t<h2>\n\t\t<a href=\"http:\/\/www.agencija-jajce.ba\/tr\/konaklama\/\">\n\t\t\tKonaklama\t\t\t\t\t<\/a>\n\t<\/h2>\n\n\t<p class=\"nc-excerpt\">Hotel \u201eTurist \u201898\u201c *** ul. Kulina bana 1\u00a0 tel\/fax: (0)30 658 151\u00a0 mail:\u00a0 utd.turist98@tel.net.baBu e-Posta adresi istenmeyen posta engelleyicileri taraf\u0131ndan <a href=\"http:\/\/www.agencija-jajce.ba\/tr\/konaklama\/\" class=\"nc-read-more\">+<\/a><\/p>\n<\/li><li class=\"nc-regular last nc-post-even nc-post-4334 nc-post nc-type-post nc-status-publish nc-format-standard nc-has-post-thumbnail nc-hentry category-turkish-tr\">\n\n\t<div class=\"nc-figure-meta-wrap\">\n\n\t\t\t\t\t\t<div class=\"nc-figure-wrapper\">\n\t\t\t\t\t<figure class=\"nc-figure nc-image-ratio-4-3 nc-figure-x\" style=\"background-image:url(http:\/\/www.agencija-jajce.ba\/wp-content\/uploads\/2017\/03\/setnica.jpg);\">\n\t\t\t\t\t\t<figcaption><\/figcaption>\n\t\t\t\t\t\t<a href=\"http:\/\/www.agencija-jajce.ba\/tr\/speolojik\/\"><\/a>\n\t\t\t\t\t<\/figure>\n\t\t\t\t<\/div>\n\t\t\t\n\t\t<div class=\"nc-meta-wrap\">\n\n\t\t\t\n\t\t<\/div>\n\n\t<\/div>\n\n\t<h2>\n\t\t<a href=\"http:\/\/www.agencija-jajce.ba\/tr\/speolojik\/\">\n\t\t\tSpeolojik\t\t\t\t\t<\/a>\n\t<\/h2>\n\n\t<p class=\"nc-excerpt\">Speleolojik ( ma\u011fara bilimi) y\u00fcr\u00fcy\u00fc\u015f parkuru Jajce&#8217;den 26 km uzakl\u0131kta bulunan Dnoluka da\u011f\u0131nda bulunmaktad\u0131r. Y\u00fcr\u00fcy\u00fc\u015f parkuru sizlere 6 adet ma\u011fra <a href=\"http:\/\/www.agencija-jajce.ba\/tr\/speolojik\/\" class=\"nc-read-more\">+<\/a><\/p>\n<\/li><li class=\"nc-regular first nc-post-odd nc-post-4336 nc-post nc-type-post nc-status-publish nc-format-standard nc-has-post-thumbnail nc-hentry category-turkish-tr\">\n\n\t<div class=\"nc-figure-meta-wrap\">\n\n\t\t\t\t\t\t<div class=\"nc-figure-wrapper\">\n\t\t\t\t\t<figure class=\"nc-figure nc-image-ratio-4-3 nc-figure-x\" style=\"background-image:url(http:\/\/www.agencija-jajce.ba\/wp-content\/uploads\/2017\/03\/skijanje.jpg);\">\n\t\t\t\t\t\t<figcaption><\/figcaption>\n\t\t\t\t\t\t<a href=\"http:\/\/www.agencija-jajce.ba\/tr\/kayakcilik\/\"><\/a>\n\t\t\t\t\t<\/figure>\n\t\t\t\t<\/div>\n\t\t\t\n\t\t<div class=\"nc-meta-wrap\">\n\n\t\t\t\n\t\t<\/div>\n\n\t<\/div>\n\n\t<h2>\n\t\t<a href=\"http:\/\/www.agencija-jajce.ba\/tr\/kayakcilik\/\">\n\t\t\tKayak\u00e7\u0131l\u0131k\t\t\t\t\t<\/a>\n\t<\/h2>\n\n\t<p class=\"nc-excerpt\">Ran\u010de\/Hran\u010de da\u011f\u0131nda, \u015fehirden yakla\u015f\u0131k 20 kilometre mesafede, Kayak teleferiklerinin alt\u0131nda yeni in\u015fa edilmi\u015f otel ve kayak teleferi\u011fi ile desteklenen kayak <a href=\"http:\/\/www.agencija-jajce.ba\/tr\/kayakcilik\/\" class=\"nc-read-more\">+<\/a><\/p>\n<\/li><li class=\"nc-regular nc-post-even nc-post-4338 nc-post nc-type-post nc-status-publish nc-format-standard nc-has-post-thumbnail nc-hentry category-turkish-tr\">\n\n\t<div class=\"nc-figure-meta-wrap\">\n\n\t\t\t\t\t\t<div class=\"nc-figure-wrapper\">\n\t\t\t\t\t<figure class=\"nc-figure nc-image-ratio-4-3 nc-figure-x\" style=\"background-image:url(http:\/\/www.agencija-jajce.ba\/wp-content\/uploads\/2017\/03\/planinarenje.jpg);\">\n\t\t\t\t\t\t<figcaption><\/figcaption>\n\t\t\t\t\t\t<a href=\"http:\/\/www.agencija-jajce.ba\/tr\/yuruyus-ve-dagcilik\/\"><\/a>\n\t\t\t\t\t<\/figure>\n\t\t\t\t<\/div>\n\t\t\t\n\t\t<div class=\"nc-meta-wrap\">\n\n\t\t\t\n\t\t<\/div>\n\n\t<\/div>\n\n\t<h2>\n\t\t<a href=\"http:\/\/www.agencija-jajce.ba\/tr\/yuruyus-ve-dagcilik\/\">\n\t\t\tY\u00fcr\u00fcy\u00fc\u015f ve Da\u011fc\u0131l\u0131k\t\t\t\t\t<\/a>\n\t<\/h2>\n\n\t<p class=\"nc-excerpt\">Jajce i\u011fne yaprakl\u0131 ve yaprak d\u00f6ken ormanlar ile kapl\u0131 olan \u00e7ay\u0131r ve da\u011flarla \u00e7evrilidir. Hum, Dnoluka, Ran\u010de, \u0106usine ve di\u011fer <a href=\"http:\/\/www.agencija-jajce.ba\/tr\/yuruyus-ve-dagcilik\/\" class=\"nc-read-more\">+<\/a><\/p>\n<\/li><li class=\"nc-regular nc-post-odd nc-post-4340 nc-post nc-type-post nc-status-publish nc-format-standard nc-has-post-thumbnail nc-hentry category-turkish-tr\">\n\n\t<div class=\"nc-figure-meta-wrap\">\n\n\t\t\t\t\t\t<div class=\"nc-figure-wrapper\">\n\t\t\t\t\t<figure class=\"nc-figure nc-image-ratio-4-3 nc-figure-x\" style=\"background-image:url(http:\/\/www.agencija-jajce.ba\/wp-content\/uploads\/2017\/03\/rafting.jpg);\">\n\t\t\t\t\t\t<figcaption><\/figcaption>\n\t\t\t\t\t\t<a href=\"http:\/\/www.agencija-jajce.ba\/tr\/rafting-4\/\"><\/a>\n\t\t\t\t\t<\/figure>\n\t\t\t\t<\/div>\n\t\t\t\n\t\t<div class=\"nc-meta-wrap\">\n\n\t\t\t\n\t\t<\/div>\n\n\t<\/div>\n\n\t<h2>\n\t\t<a href=\"http:\/\/www.agencija-jajce.ba\/tr\/rafting-4\/\">\n\t\t\tRafting\t\t\t\t\t<\/a>\n\t<\/h2>\n\n\t<p class=\"nc-excerpt\">Rafting Vrbas nehri, sahip oldu\u011fu hidro enerjiden dolay\u0131, rafting&#8217;in zorlu t\u00fcrleri i\u00e7in uygun ko\u015fullar\u0131 sa\u011flamaktad\u0131r. 2007 y\u0131l\u0131ndan beri, t\u00fcm maceraperestler <a href=\"http:\/\/www.agencija-jajce.ba\/tr\/rafting-4\/\" class=\"nc-read-more\">+<\/a><\/p>\n<\/li><li class=\"nc-regular last nc-post-even nc-post-4342 nc-post nc-type-post nc-status-publish nc-format-standard nc-has-post-thumbnail nc-hentry category-turkish-tr\">\n\n\t<div class=\"nc-figure-meta-wrap\">\n\n\t\t\t\t\t\t<div class=\"nc-figure-wrapper\">\n\t\t\t\t\t<figure class=\"nc-figure nc-image-ratio-4-3 nc-figure-x\" style=\"background-image:url(http:\/\/www.agencija-jajce.ba\/wp-content\/uploads\/2017\/03\/ribolov.jpg);\">\n\t\t\t\t\t\t<figcaption><\/figcaption>\n\t\t\t\t\t\t<a href=\"http:\/\/www.agencija-jajce.ba\/tr\/balikcilik\/\"><\/a>\n\t\t\t\t\t<\/figure>\n\t\t\t\t<\/div>\n\t\t\t\n\t\t<div class=\"nc-meta-wrap\">\n\n\t\t\t\n\t\t<\/div>\n\n\t<\/div>\n\n\t<h2>\n\t\t<a href=\"http:\/\/www.agencija-jajce.ba\/tr\/balikcilik\/\">\n\t\t\tBal\u0131kc\u0131l\u0131k\t\t\t\t\t<\/a>\n\t<\/h2>\n\n\t<p class=\"nc-excerpt\">Plive nehri, Pliva g\u00f6lleri ve Vrbas nehri bal\u0131k\u00e7\u0131l\u0131k sporu i\u00e7in uygun ko\u015fullar\u0131 sa\u011flamaktad\u0131rlar. Bu sularda yakla\u015f\u0131k 26 \u00e7e\u015fit bal\u0131k bulunmaktad\u0131r. <a href=\"http:\/\/www.agencija-jajce.ba\/tr\/balikcilik\/\" class=\"nc-read-more\">+<\/a><\/p>\n<\/li><li class=\"nc-regular first nc-post-odd nc-post-4344 nc-post nc-type-post nc-status-publish nc-format-standard nc-has-post-thumbnail nc-hentry category-turkish-tr\">\n\n\t<div class=\"nc-figure-meta-wrap\">\n\n\t\t\t\t\t\t<div class=\"nc-figure-wrapper\">\n\t\t\t\t\t<figure class=\"nc-figure nc-image-ratio-4-3 nc-figure-y\" style=\"background-image:url(http:\/\/www.agencija-jajce.ba\/wp-content\/uploads\/2017\/03\/planine2.jpg);\">\n\t\t\t\t\t\t<figcaption><\/figcaption>\n\t\t\t\t\t\t<a href=\"http:\/\/www.agencija-jajce.ba\/tr\/daglar\/\"><\/a>\n\t\t\t\t\t<\/figure>\n\t\t\t\t<\/div>\n\t\t\t\n\t\t<div class=\"nc-meta-wrap\">\n\n\t\t\t\n\t\t<\/div>\n\n\t<\/div>\n\n\t<h2>\n\t\t<a href=\"http:\/\/www.agencija-jajce.ba\/tr\/daglar\/\">\n\t\t\tDa\u011flar\t\t\t\t\t<\/a>\n\t<\/h2>\n\n\t<p class=\"nc-excerpt\">Jajce orta y\u00fcksekli\u011fe sahip Hum Da\u011f\u0131,Rance\/Hrance Da\u011f\u0131, Dnoluka Da\u011f\u0131 ve Bukovica Da\u011f\u0131 ( Radalj ve \u0106usine&#8217;nin evlad\u0131, Gorica&#8217;n\u0131n par\u00e7as\u0131) ile <a href=\"http:\/\/www.agencija-jajce.ba\/tr\/daglar\/\" class=\"nc-read-more\">+<\/a><\/p>\n<\/li><li class=\"nc-regular nc-post-even nc-post-4346 nc-post nc-type-post nc-status-publish nc-format-standard nc-has-post-thumbnail nc-hentry category-turkish-tr\">\n\n\t<div class=\"nc-figure-meta-wrap\">\n\n\t\t\t\t\t\t<div class=\"nc-figure-wrapper\">\n\t\t\t\t\t<figure class=\"nc-figure nc-image-ratio-4-3 nc-figure-x\" style=\"background-image:url(http:\/\/www.agencija-jajce.ba\/wp-content\/uploads\/2017\/03\/jezero2.jpg);\">\n\t\t\t\t\t\t<figcaption><\/figcaption>\n\t\t\t\t\t\t<a href=\"http:\/\/www.agencija-jajce.ba\/tr\/pliva-golleri\/\"><\/a>\n\t\t\t\t\t<\/figure>\n\t\t\t\t<\/div>\n\t\t\t\n\t\t<div class=\"nc-meta-wrap\">\n\n\t\t\t\n\t\t<\/div>\n\n\t<\/div>\n\n\t<h2>\n\t\t<a href=\"http:\/\/www.agencija-jajce.ba\/tr\/pliva-golleri\/\">\n\t\t\tPliva g\u00f6lleri\t\t\t\t\t<\/a>\n\t<\/h2>\n\n\t<p class=\"nc-excerpt\">B\u00fcy\u00fck Pliva g\u00f6l\u00fc, suyun belirli seviyelere ula\u015ft\u0131\u011f\u0131 d\u00f6nemlerde, su kaya\u011f\u0131 ve kanoculuk ile kayak yar\u0131\u015fmalar\u0131na ev sahipli\u011fi yapmaktad\u0131r. 1963 y\u0131l\u0131nda <a href=\"http:\/\/www.agencija-jajce.ba\/tr\/pliva-golleri\/\" class=\"nc-read-more\">+<\/a><\/p>\n<\/li><li class=\"nc-regular nc-post-odd nc-post-4348 nc-post nc-type-post nc-status-publish nc-format-standard nc-has-post-thumbnail nc-hentry category-turkish-tr\">\n\n\t<div class=\"nc-figure-meta-wrap\">\n\n\t\t\t\t\t\t<div class=\"nc-figure-wrapper\">\n\t\t\t\t\t<figure class=\"nc-figure nc-image-ratio-4-3 nc-figure-x\" style=\"background-image:url(http:\/\/www.agencija-jajce.ba\/wp-content\/uploads\/2017\/03\/rijeke.jpg);\">\n\t\t\t\t\t\t<figcaption><\/figcaption>\n\t\t\t\t\t\t<a href=\"http:\/\/www.agencija-jajce.ba\/tr\/nehirler-selale\/\"><\/a>\n\t\t\t\t\t<\/figure>\n\t\t\t\t<\/div>\n\t\t\t\n\t\t<div class=\"nc-meta-wrap\">\n\n\t\t\t\n\t\t<\/div>\n\n\t<\/div>\n\n\t<h2>\n\t\t<a href=\"http:\/\/www.agencija-jajce.ba\/tr\/nehirler-selale\/\">\n\t\t\tNehirler- \u015eelale\t\t\t\t\t<\/a>\n\t<\/h2>\n\n\t<p class=\"nc-excerpt\">Nehirler Iki dogal nehir, Vrbas ve Pliva, Jajce&#8217;den ge\u00e7mektedir. Vrbas nehri yakla\u015f\u0131k 240 km uzunlu\u011funda olup Bosna&#8217;nin bat\u0131 taraf\u0131nda bulunan <a href=\"http:\/\/www.agencija-jajce.ba\/tr\/nehirler-selale\/\" class=\"nc-read-more\">+<\/a><\/p>\n<\/li><li class=\"nc-regular last nc-post-even nc-post-4350 nc-post nc-type-post nc-status-publish nc-format-standard nc-has-post-thumbnail nc-hentry category-turkish-tr\">\n\n\t<div class=\"nc-figure-meta-wrap\">\n\n\t\t\t\t\t\t<div class=\"nc-figure-wrapper\">\n\t\t\t\t\t<figure class=\"nc-figure nc-image-ratio-4-3 nc-figure-x\" style=\"background-image:url(http:\/\/www.agencija-jajce.ba\/wp-content\/uploads\/2017\/03\/galerija.jpg);\">\n\t\t\t\t\t\t<figcaption><\/figcaption>\n\t\t\t\t\t\t<a href=\"http:\/\/www.agencija-jajce.ba\/tr\/sanat-galerisi\/\"><\/a>\n\t\t\t\t\t<\/figure>\n\t\t\t\t<\/div>\n\t\t\t\n\t\t<div class=\"nc-meta-wrap\">\n\n\t\t\t\n\t\t<\/div>\n\n\t<\/div>\n\n\t<h2>\n\t\t<a href=\"http:\/\/www.agencija-jajce.ba\/tr\/sanat-galerisi\/\">\n\t\t\tSanat Galerisi\t\t\t\t\t<\/a>\n\t<\/h2>\n\n\t<p class=\"nc-excerpt\">Sanat Galerisi, orta\u00e7a\u011f surlari yan\u0131nda bulunan Eski Krslak evinde, Kale yolu \u00fczerinde yer almaktad\u0131r. Galeride kal\u0131c\u0131 sergi \u00e7al\u0131\u015fmalar\u0131 bir \u00f6nceki <a href=\"http:\/\/www.agencija-jajce.ba\/tr\/sanat-galerisi\/\" class=\"nc-read-more\">+<\/a><\/p>\n<\/li>\n\t\t\t<\/ul>\n\t\t\t\n\t\t\t<nav class=\"newscodes-pagination\">\n\t<span class=\"nc-pagination-pages\">Page 1 out of 2<\/span><ul class='page-numbers'>\n\t<li><span aria-current=\"page\" class=\"page-numbers current\">1<\/span><\/li>\n\t<li><a class=\"page-numbers\" href=\"\/tr\/wp-json\/wp\/v2\/pages\/4371?paged=2\">2<\/a><\/li>\n\t<li><a class=\"next page-numbers\" href=\"\/tr\/wp-json\/wp\/v2\/pages\/4371?paged=2\">&gt;<\/a><\/li>\n<\/ul>\n<\/nav>\n\t\t\t\n\t\t<\/div><\/code><\/p>\n","protected":false},"excerpt":{"rendered":"Sanat Galerisi, orta\u00e7a\u011f surlari yan\u0131nda bulunan Eski Krslak evinde, Kale yolu \u00fczerinde yer almaktad\u0131r. Galeride kal\u0131c\u0131 sergi \u00e7al\u0131\u015fmalar\u0131 bir \u00f6nceki d\u00f6nemde Jajce' de kald\u0131\u011f\u0131 zamanda sanat\u00e7\u0131lar\u0131n yaptigi resimleridir. Kal\u0131c\u0131 sergi b\u00f6l\u00fcm\u00fcnde Jajce'den gelen heykelt\u0131ra\u015f Dusko Rakita taraf\u0131ndan yapilan heykeller bulunmaktad\u0131r. Faaliyetlerin bir par\u00e7as\u0131 olarak, Sanat Galerisi cizim, boyama ve sanat kolonilerini basari ile organize etmektedir. Dan\u0131\u015fma bilgileri: Dom kulture Jajce Art Gallery ul. D\u017eikovac bb (Krslak\u2019s house) tel: (0) 30 659 541 fax: +387 (0) 30 659 696 mail: samir.hazbic@tel.net.baBu e-Posta adresi istenmeyen posta engelleyicileri taraf\u0131ndan korunuyor. G\u00f6r\u00fcnt\u00fclemek i\u00e7in JavaScript etkinle\u015ftirilmelidir.","protected":false},"author":1,"featured_media":0,"parent":0,"menu_order":0,"comment_status":"closed","ping_status":"closed","template":"","meta":{"footnotes":""},"class_list":["post-4371","page","type-page","status-publish","hentry"],"yoast_head":"<!-- This site is optimized with the Yoast SEO Premium plugin v21.2 (Yoast SEO v26.3) - https:\/\/yoast.com\/wordpress\/plugins\/seo\/ -->\n<title>Startseit<\/title>\n<meta name=\"description\" content=\"c\" \/>\n<meta name=\"robots\" content=\"index, follow, max-snippet:-1, max-image-preview:large, max-video-preview:-1\" \/>\n<link rel=\"canonical\" href=\"http:\/\/www.agencija-jajce.ba\/tr\/start\/\" \/>\n<meta property=\"og:locale\" content=\"tr_TR\" \/>\n<meta property=\"og:type\" content=\"article\" \/>\n<meta property=\"og:title\" content=\"Ba\u015flang\u0131\u00e7 \u200b\u200bsayfas\u0131\" \/>\n<meta property=\"og:description\" content=\"c\" \/>\n<meta property=\"og:url\" content=\"http:\/\/www.agencija-jajce.ba\/tr\/start\/\" \/>\n<meta property=\"og:site_name\" content=\"JU \u201eAgencija za kulturno-povijesnu i prirodnu ba\u0161tinu i razvoj turisti\u010dkih potencijala grada Jajca\u201c\" \/>\n<meta property=\"article:modified_time\" content=\"2019-03-29T11:37:30+00:00\" \/>\n<meta name=\"twitter:card\" content=\"summary_large_image\" \/>\n<script type=\"application\/ld+json\" class=\"yoast-schema-graph\">{\"@context\":\"https:\/\/schema.org\",\"@graph\":[{\"@type\":\"WebPage\",\"@id\":\"http:\/\/www.agencija-jajce.ba\/tr\/start\/\",\"url\":\"http:\/\/www.agencija-jajce.ba\/tr\/start\/\",\"name\":\"Startseit\",\"isPartOf\":{\"@id\":\"https:\/\/www.agencija-jajce.ba\/#website\"},\"datePublished\":\"2019-02-12T13:25:04+00:00\",\"dateModified\":\"2019-03-29T11:37:30+00:00\",\"description\":\"c\",\"breadcrumb\":{\"@id\":\"http:\/\/www.agencija-jajce.ba\/tr\/start\/#breadcrumb\"},\"inLanguage\":\"tr\",\"potentialAction\":[{\"@type\":\"ReadAction\",\"target\":[\"http:\/\/www.agencija-jajce.ba\/tr\/start\/\"]}]},{\"@type\":\"BreadcrumbList\",\"@id\":\"http:\/\/www.agencija-jajce.ba\/tr\/start\/#breadcrumb\",\"itemListElement\":[{\"@type\":\"ListItem\",\"position\":1,\"name\":\"Home\",\"item\":\"http:\/\/www.agencija-jajce.ba\/tr\/start\/\"},{\"@type\":\"ListItem\",\"position\":2,\"name\":\"Ba\u015flang\u0131\u00e7 \u200b\u200bsayfas\u0131\"}]},{\"@type\":\"WebSite\",\"@id\":\"https:\/\/www.agencija-jajce.ba\/#website\",\"url\":\"https:\/\/www.agencija-jajce.ba\/\",\"name\":\"JU \u201eAgencija za kulturno-povijesnu i prirodnu ba\u0161tinu i razvoj turisti\u010dkih potencijala grada Jajca\u201c\",\"description\":\"\",\"publisher\":{\"@id\":\"https:\/\/www.agencija-jajce.ba\/#organization\"},\"potentialAction\":[{\"@type\":\"SearchAction\",\"target\":{\"@type\":\"EntryPoint\",\"urlTemplate\":\"https:\/\/www.agencija-jajce.ba\/?s={search_term_string}\"},\"query-input\":{\"@type\":\"PropertyValueSpecification\",\"valueRequired\":true,\"valueName\":\"search_term_string\"}}],\"inLanguage\":\"tr\"},{\"@type\":\"Organization\",\"@id\":\"https:\/\/www.agencija-jajce.ba\/#organization\",\"name\":\"JU \u201eAgencija Jajce\u201c\",\"url\":\"https:\/\/www.agencija-jajce.ba\/\",\"logo\":{\"@type\":\"ImageObject\",\"inLanguage\":\"tr\",\"@id\":\"https:\/\/www.agencija-jajce.ba\/#\/schema\/logo\/image\/\",\"url\":\"https:\/\/www.agencija-jajce.ba\/wp-content\/uploads\/2020\/05\/Agencija-logo-color.png\",\"contentUrl\":\"https:\/\/www.agencija-jajce.ba\/wp-content\/uploads\/2020\/05\/Agencija-logo-color.png\",\"width\":1359,\"height\":1464,\"caption\":\"JU \u201eAgencija Jajce\u201c\"},\"image\":{\"@id\":\"https:\/\/www.agencija-jajce.ba\/#\/schema\/logo\/image\/\"}}]}<\/script>\n<!-- \/ Yoast SEO Premium plugin. -->","yoast_head_json":{"title":"Startseit","description":"c","robots":{"index":"index","follow":"follow","max-snippet":"max-snippet:-1","max-image-preview":"max-image-preview:large","max-video-preview":"max-video-preview:-1"},"canonical":"http:\/\/www.agencija-jajce.ba\/tr\/start\/","og_locale":"tr_TR","og_type":"article","og_title":"Ba\u015flang\u0131\u00e7 \u200b\u200bsayfas\u0131","og_description":"c","og_url":"http:\/\/www.agencija-jajce.ba\/tr\/start\/","og_site_name":"JU \u201eAgencija za kulturno-povijesnu i prirodnu ba\u0161tinu i razvoj turisti\u010dkih potencijala grada Jajca\u201c","article_modified_time":"2019-03-29T11:37:30+00:00","twitter_card":"summary_large_image","schema":{"@context":"https:\/\/schema.org","@graph":[{"@type":"WebPage","@id":"http:\/\/www.agencija-jajce.ba\/tr\/start\/","url":"http:\/\/www.agencija-jajce.ba\/tr\/start\/","name":"Startseit","isPartOf":{"@id":"https:\/\/www.agencija-jajce.ba\/#website"},"datePublished":"2019-02-12T13:25:04+00:00","dateModified":"2019-03-29T11:37:30+00:00","description":"c","breadcrumb":{"@id":"http:\/\/www.agencija-jajce.ba\/tr\/start\/#breadcrumb"},"inLanguage":"tr","potentialAction":[{"@type":"ReadAction","target":["http:\/\/www.agencija-jajce.ba\/tr\/start\/"]}]},{"@type":"BreadcrumbList","@id":"http:\/\/www.agencija-jajce.ba\/tr\/start\/#breadcrumb","itemListElement":[{"@type":"ListItem","position":1,"name":"Home","item":"http:\/\/www.agencija-jajce.ba\/tr\/start\/"},{"@type":"ListItem","position":2,"name":"Ba\u015flang\u0131\u00e7 \u200b\u200bsayfas\u0131"}]},{"@type":"WebSite","@id":"https:\/\/www.agencija-jajce.ba\/#website","url":"https:\/\/www.agencija-jajce.ba\/","name":"JU \u201eAgencija za kulturno-povijesnu i prirodnu ba\u0161tinu i razvoj turisti\u010dkih potencijala grada Jajca\u201c","description":"","publisher":{"@id":"https:\/\/www.agencija-jajce.ba\/#organization"},"potentialAction":[{"@type":"SearchAction","target":{"@type":"EntryPoint","urlTemplate":"https:\/\/www.agencija-jajce.ba\/?s={search_term_string}"},"query-input":{"@type":"PropertyValueSpecification","valueRequired":true,"valueName":"search_term_string"}}],"inLanguage":"tr"},{"@type":"Organization","@id":"https:\/\/www.agencija-jajce.ba\/#organization","name":"JU \u201eAgencija Jajce\u201c","url":"https:\/\/www.agencija-jajce.ba\/","logo":{"@type":"ImageObject","inLanguage":"tr","@id":"https:\/\/www.agencija-jajce.ba\/#\/schema\/logo\/image\/","url":"https:\/\/www.agencija-jajce.ba\/wp-content\/uploads\/2020\/05\/Agencija-logo-color.png","contentUrl":"https:\/\/www.agencija-jajce.ba\/wp-content\/uploads\/2020\/05\/Agencija-logo-color.png","width":1359,"height":1464,"caption":"JU \u201eAgencija Jajce\u201c"},"image":{"@id":"https:\/\/www.agencija-jajce.ba\/#\/schema\/logo\/image\/"}}]}},"_links":{"self":[{"href":"http:\/\/www.agencija-jajce.ba\/tr\/wp-json\/wp\/v2\/pages\/4371","targetHints":{"allow":["GET"]}}],"collection":[{"href":"http:\/\/www.agencija-jajce.ba\/tr\/wp-json\/wp\/v2\/pages"}],"about":[{"href":"http:\/\/www.agencija-jajce.ba\/tr\/wp-json\/wp\/v2\/types\/page"}],"author":[{"embeddable":true,"href":"http:\/\/www.agencija-jajce.ba\/tr\/wp-json\/wp\/v2\/users\/1"}],"replies":[{"embeddable":true,"href":"http:\/\/www.agencija-jajce.ba\/tr\/wp-json\/wp\/v2\/comments?post=4371"}],"version-history":[{"count":0,"href":"http:\/\/www.agencija-jajce.ba\/tr\/wp-json\/wp\/v2\/pages\/4371\/revisions"}],"wp:attachment":[{"href":"http:\/\/www.agencija-jajce.ba\/tr\/wp-json\/wp\/v2\/media?parent=4371"}],"curies":[{"name":"wp","href":"https:\/\/api.w.org\/{rel}","templated":true}]}}